{"id":7512,"date":"2021-09-20T13:27:28","date_gmt":"2021-09-20T06:27:28","guid":{"rendered":"http:\/\/slowtravelhue.com\/demo\/kham-pha-lang-nghe-viet-nam\/"},"modified":"2021-12-07T16:21:38","modified_gmt":"2021-12-07T09:21:38","slug":"kham-pha-lang-nghe-viet-nam","status":"publish","type":"page","link":"https:\/\/slowtravelhue.com\/vi\/kham-pha-lang-nghe-viet-nam\/","title":{"rendered":"Kh\u00e1m Ph\u00e1 L\u00e0ng Ngh\u1ec1 Vi\u1ec7t Nam"},"content":{"rendered":"","protected":false},"excerpt":{"rendered":"","protected":false},"author":1,"featured_media":0,"parent":0,"menu_order":0,"comment_status":"closed","ping_status":"closed","template":"","meta":{"footnotes":""},"class_list":["post-7512","page","type-page","status-publish","hentry"],"yoast_head":"<!-- This site is optimized with the Yoast SEO Premium plugin v19.4 (Yoast SEO v27.4) - https:\/\/yoast.com\/product\/yoast-seo-premium-wordpress\/ -->\n<title>Kh\u00e1m Ph\u00e1 L\u00e0ng Ngh\u1ec1 Vi\u1ec7t Nam - Slow Travel Hue<\/title>\n<meta name=\"robots\" content=\"index, follow, max-snippet:-1, max-image-preview:large, max-video-preview:-1\" \/>\n<link rel=\"canonical\" href=\"https:\/\/slowtravelhue.com\/vi\/kham-pha-lang-nghe-viet-nam\/\" \/>\n<meta property=\"og:locale\" content=\"vi_VN\" \/>\n<meta property=\"og:type\" content=\"article\" \/>\n<meta property=\"og:title\" content=\"Kh\u00e1m Ph\u00e1 L\u00e0ng Ngh\u1ec1 Vi\u1ec7t Nam\" \/>\n<meta property=\"og:url\" content=\"https:\/\/slowtravelhue.com\/vi\/kham-pha-lang-nghe-viet-nam\/\" \/>\n<meta property=\"og:site_name\" content=\"Slow Travel Hue\" \/>\n<meta property=\"article:publisher\" content=\"https:\/\/www.facebook.com\/slowtravelhue\/\" \/>\n<meta property=\"article:modified_time\" content=\"2021-12-07T09:21:38+00:00\" \/>\n<meta name=\"twitter:card\" content=\"summary_large_image\" \/>\n<meta name=\"twitter:site\" content=\"@SlowTravelHue\" \/>\n<script type=\"application\/ld+json\" class=\"yoast-schema-graph\">{\"@context\":\"https:\\\/\\\/schema.org\",\"@graph\":[{\"@type\":\"WebPage\",\"@id\":\"https:\\\/\\\/slowtravelhue.com\\\/vi\\\/kham-pha-lang-nghe-viet-nam\\\/\",\"url\":\"https:\\\/\\\/slowtravelhue.com\\\/vi\\\/kham-pha-lang-nghe-viet-nam\\\/\",\"name\":\"Kh\u00e1m Ph\u00e1 L\u00e0ng Ngh\u1ec1 Vi\u1ec7t Nam - Slow Travel Hue\",\"isPartOf\":{\"@id\":\"https:\\\/\\\/slowtravelhue.com\\\/#website\"},\"datePublished\":\"2021-09-20T06:27:28+00:00\",\"dateModified\":\"2021-12-07T09:21:38+00:00\",\"breadcrumb\":{\"@id\":\"https:\\\/\\\/slowtravelhue.com\\\/vi\\\/kham-pha-lang-nghe-viet-nam\\\/#breadcrumb\"},\"inLanguage\":\"vi-VN\",\"potentialAction\":[{\"@type\":\"ReadAction\",\"target\":[\"https:\\\/\\\/slowtravelhue.com\\\/vi\\\/kham-pha-lang-nghe-viet-nam\\\/\"]}]},{\"@type\":\"BreadcrumbList\",\"@id\":\"https:\\\/\\\/slowtravelhue.com\\\/vi\\\/kham-pha-lang-nghe-viet-nam\\\/#breadcrumb\",\"itemListElement\":[{\"@type\":\"ListItem\",\"position\":1,\"name\":\"Trang ch\u1ee7\",\"item\":\"https:\\\/\\\/slowtravelhue.com\\\/vi\\\/\"},{\"@type\":\"ListItem\",\"position\":2,\"name\":\"Kh\u00e1m Ph\u00e1 L\u00e0ng Ngh\u1ec1 Vi\u1ec7t Nam\"}]},{\"@type\":\"WebSite\",\"@id\":\"https:\\\/\\\/slowtravelhue.com\\\/#website\",\"url\":\"https:\\\/\\\/slowtravelhue.com\\\/\",\"name\":\"Slow Travel Hue\",\"description\":\"Integrating Slow Travel and Vietnamese Crafts\",\"publisher\":{\"@id\":\"https:\\\/\\\/slowtravelhue.com\\\/#organization\"},\"potentialAction\":[{\"@type\":\"SearchAction\",\"target\":{\"@type\":\"EntryPoint\",\"urlTemplate\":\"https:\\\/\\\/slowtravelhue.com\\\/?s={search_term_string}\"},\"query-input\":{\"@type\":\"PropertyValueSpecification\",\"valueRequired\":true,\"valueName\":\"search_term_string\"}}],\"inLanguage\":\"vi-VN\"},{\"@type\":\"Organization\",\"@id\":\"https:\\\/\\\/slowtravelhue.com\\\/#organization\",\"name\":\"Slow Travel Hue\",\"url\":\"https:\\\/\\\/slowtravelhue.com\\\/\",\"logo\":{\"@type\":\"ImageObject\",\"inLanguage\":\"vi-VN\",\"@id\":\"https:\\\/\\\/slowtravelhue.com\\\/#\\\/schema\\\/logo\\\/image\\\/\",\"url\":\"https:\\\/\\\/slowtravelhue.com\\\/wp-content\\\/uploads\\\/2021\\\/11\\\/logo_Slow-Travel-Hue.png\",\"contentUrl\":\"https:\\\/\\\/slowtravelhue.com\\\/wp-content\\\/uploads\\\/2021\\\/11\\\/logo_Slow-Travel-Hue.png\",\"width\":4167,\"height\":2434,\"caption\":\"Slow Travel Hue\"},\"image\":{\"@id\":\"https:\\\/\\\/slowtravelhue.com\\\/#\\\/schema\\\/logo\\\/image\\\/\"},\"sameAs\":[\"https:\\\/\\\/www.facebook.com\\\/slowtravelhue\\\/\",\"https:\\\/\\\/x.com\\\/SlowTravelHue\",\"https:\\\/\\\/www.instagram.com\\\/slowtravel.hue\\\/\",\"https:\\\/\\\/www.linkedin.com\\\/in\\\/slow-travel-hue-89352692\",\"https:\\\/\\\/www.pinterest.com\\\/slowtravelhue\\\/\",\"https:\\\/\\\/www.youtube.com\\\/channel\\\/UCqTsLrCBD6z6pc7mC4L_X4Q\"]}]}<\/script>\n<!-- \/ Yoast SEO Premium plugin. -->","yoast_head_json":{"title":"Kh\u00e1m Ph\u00e1 L\u00e0ng Ngh\u1ec1 Vi\u1ec7t Nam - Slow Travel Hue","robots":{"index":"index","follow":"follow","max-snippet":"max-snippet:-1","max-image-preview":"max-image-preview:large","max-video-preview":"max-video-preview:-1"},"canonical":"https:\/\/slowtravelhue.com\/vi\/kham-pha-lang-nghe-viet-nam\/","og_locale":"vi_VN","og_type":"article","og_title":"Kh\u00e1m Ph\u00e1 L\u00e0ng Ngh\u1ec1 Vi\u1ec7t Nam","og_url":"https:\/\/slowtravelhue.com\/vi\/kham-pha-lang-nghe-viet-nam\/","og_site_name":"Slow Travel Hue","article_publisher":"https:\/\/www.facebook.com\/slowtravelhue\/","article_modified_time":"2021-12-07T09:21:38+00:00","twitter_card":"summary_large_image","twitter_site":"@SlowTravelHue","schema":{"@context":"https:\/\/schema.org","@graph":[{"@type":"WebPage","@id":"https:\/\/slowtravelhue.com\/vi\/kham-pha-lang-nghe-viet-nam\/","url":"https:\/\/slowtravelhue.com\/vi\/kham-pha-lang-nghe-viet-nam\/","name":"Kh\u00e1m Ph\u00e1 L\u00e0ng Ngh\u1ec1 Vi\u1ec7t Nam - Slow Travel Hue","isPartOf":{"@id":"https:\/\/slowtravelhue.com\/#website"},"datePublished":"2021-09-20T06:27:28+00:00","dateModified":"2021-12-07T09:21:38+00:00","breadcrumb":{"@id":"https:\/\/slowtravelhue.com\/vi\/kham-pha-lang-nghe-viet-nam\/#breadcrumb"},"inLanguage":"vi-VN","potentialAction":[{"@type":"ReadAction","target":["https:\/\/slowtravelhue.com\/vi\/kham-pha-lang-nghe-viet-nam\/"]}]},{"@type":"BreadcrumbList","@id":"https:\/\/slowtravelhue.com\/vi\/kham-pha-lang-nghe-viet-nam\/#breadcrumb","itemListElement":[{"@type":"ListItem","position":1,"name":"Trang ch\u1ee7","item":"https:\/\/slowtravelhue.com\/vi\/"},{"@type":"ListItem","position":2,"name":"Kh\u00e1m Ph\u00e1 L\u00e0ng Ngh\u1ec1 Vi\u1ec7t Nam"}]},{"@type":"WebSite","@id":"https:\/\/slowtravelhue.com\/#website","url":"https:\/\/slowtravelhue.com\/","name":"Slow Travel Hue","description":"Integrating Slow Travel and Vietnamese Crafts","publisher":{"@id":"https:\/\/slowtravelhue.com\/#organization"},"potentialAction":[{"@type":"SearchAction","target":{"@type":"EntryPoint","urlTemplate":"https:\/\/slowtravelhue.com\/?s={search_term_string}"},"query-input":{"@type":"PropertyValueSpecification","valueRequired":true,"valueName":"search_term_string"}}],"inLanguage":"vi-VN"},{"@type":"Organization","@id":"https:\/\/slowtravelhue.com\/#organization","name":"Slow Travel Hue","url":"https:\/\/slowtravelhue.com\/","logo":{"@type":"ImageObject","inLanguage":"vi-VN","@id":"https:\/\/slowtravelhue.com\/#\/schema\/logo\/image\/","url":"https:\/\/slowtravelhue.com\/wp-content\/uploads\/2021\/11\/logo_Slow-Travel-Hue.png","contentUrl":"https:\/\/slowtravelhue.com\/wp-content\/uploads\/2021\/11\/logo_Slow-Travel-Hue.png","width":4167,"height":2434,"caption":"Slow Travel Hue"},"image":{"@id":"https:\/\/slowtravelhue.com\/#\/schema\/logo\/image\/"},"sameAs":["https:\/\/www.facebook.com\/slowtravelhue\/","https:\/\/x.com\/SlowTravelHue","https:\/\/www.instagram.com\/slowtravel.hue\/","https:\/\/www.linkedin.com\/in\/slow-travel-hue-89352692","https:\/\/www.pinterest.com\/slowtravelhue\/","https:\/\/www.youtube.com\/channel\/UCqTsLrCBD6z6pc7mC4L_X4Q"]}]}},"_links":{"self":[{"href":"https:\/\/slowtravelhue.com\/vi\/wp-json\/wp\/v2\/pages\/7512","targetHints":{"allow":["GET"]}}],"collection":[{"href":"https:\/\/slowtravelhue.com\/vi\/wp-json\/wp\/v2\/pages"}],"about":[{"href":"https:\/\/slowtravelhue.com\/vi\/wp-json\/wp\/v2\/types\/page"}],"author":[{"embeddable":true,"href":"https:\/\/slowtravelhue.com\/vi\/wp-json\/wp\/v2\/users\/1"}],"replies":[{"embeddable":true,"href":"https:\/\/slowtravelhue.com\/vi\/wp-json\/wp\/v2\/comments?post=7512"}],"version-history":[{"count":4,"href":"https:\/\/slowtravelhue.com\/vi\/wp-json\/wp\/v2\/pages\/7512\/revisions"}],"predecessor-version":[{"id":11431,"href":"https:\/\/slowtravelhue.com\/vi\/wp-json\/wp\/v2\/pages\/7512\/revisions\/11431"}],"wp:attachment":[{"href":"https:\/\/slowtravelhue.com\/vi\/wp-json\/wp\/v2\/media?parent=7512"}],"curies":[{"name":"wp","href":"https:\/\/api.w.org\/{rel}","templated":true}]}}