{"id":7394,"date":"2021-09-20T12:46:50","date_gmt":"2021-09-20T05:46:50","guid":{"rendered":"http:\/\/slowtravelhue.com\/demo\/trang-chu\/"},"modified":"2025-04-12T16:50:47","modified_gmt":"2025-04-12T09:50:47","slug":"trang-chu","status":"publish","type":"page","link":"https:\/\/slowtravelhue.com\/vi\/","title":{"rendered":"Trang ch\u1ee7"},"content":{"rendered":"\n<iframe height=\"674\" frameborder=\"0\" src=\"https:\/\/www.wetravel.com\/widgets\/contact_form?buttonColor=%25230c5a2e&#038;buttonTextColor=%23ffffff&#038;version=v0.1&#038;env=https%3A%2F%2Fwww.wetravel.com&#038;messageTitle=How%20can%20we%20help%20you%3F&#038;title=Contact%20us&#038;showPhone=true&#038;organizerId=1359058\" style=\"width: 100%\" id=\"wetravel-contact-us-widget\"><\/iframe>\n\n<p><\/p>\n","protected":false},"excerpt":{"rendered":"","protected":false},"author":1,"featured_media":9632,"parent":0,"menu_order":0,"comment_status":"closed","ping_status":"closed","template":"","meta":{"footnotes":""},"class_list":["post-7394","page","type-page","status-publish","has-post-thumbnail","hentry"],"yoast_head":"<!-- This site is optimized with the Yoast SEO Premium plugin v19.4 (Yoast SEO v27.4) - https:\/\/yoast.com\/product\/yoast-seo-premium-wordpress\/ -->\n<title>Trang ch\u1ee7 - Slow Travel Hue<\/title>\n<meta name=\"description\" content=\"\u0110\u00e2y l\u00e0 n\u01a1i t\u1ed1t nh\u1ea5t \u0111\u1ec3 \u0111\u1eb7t tour du l\u1ecbch ch\u1eadm tham quan Hu\u1ebf. H\u00e3y \u0111\u1ebfn kh\u00e1m ph\u00e1 v\u00f9ng qu\u00ea y\u00ean b\u00ecnh, m\u00f3n ngon, l\u00e0ng ngh\u1ec1 v\u00e0 h\u01a1n n\u1eefa.\" \/>\n<meta name=\"robots\" content=\"index, follow, max-snippet:-1, max-image-preview:large, max-video-preview:-1\" \/>\n<link rel=\"canonical\" href=\"https:\/\/slowtravelhue.com\/vi\/\" \/>\n<meta property=\"og:locale\" content=\"vi_VN\" \/>\n<meta property=\"og:type\" content=\"article\" \/>\n<meta property=\"og:title\" content=\"Trang ch\u1ee7\" \/>\n<meta property=\"og:description\" content=\"\u0110\u00e2y l\u00e0 n\u01a1i t\u1ed1t nh\u1ea5t \u0111\u1ec3 \u0111\u1eb7t tour du l\u1ecbch ch\u1eadm tham quan Hu\u1ebf. H\u00e3y \u0111\u1ebfn kh\u00e1m ph\u00e1 v\u00f9ng qu\u00ea y\u00ean b\u00ecnh, m\u00f3n ngon, l\u00e0ng ngh\u1ec1 v\u00e0 h\u01a1n n\u1eefa.\" \/>\n<meta property=\"og:url\" content=\"https:\/\/slowtravelhue.com\/vi\/\" \/>\n<meta property=\"og:site_name\" content=\"Slow Travel Hue\" \/>\n<meta property=\"article:publisher\" content=\"https:\/\/www.facebook.com\/slowtravelhue\/\" \/>\n<meta property=\"article:modified_time\" content=\"2025-04-12T09:50:47+00:00\" \/>\n<meta property=\"og:image\" content=\"https:\/\/slowtravelhue.com\/wp-content\/uploads\/2015\/12\/Tour-Thanh-Toan-rural-immersion_slow-travel-with-kids.jpg\" \/>\n\t<meta property=\"og:image:width\" content=\"1024\" \/>\n\t<meta property=\"og:image:height\" content=\"768\" \/>\n\t<meta property=\"og:image:type\" content=\"image\/jpeg\" \/>\n<meta name=\"twitter:card\" content=\"summary_large_image\" \/>\n<meta name=\"twitter:site\" content=\"@SlowTravelHue\" \/>\n<script type=\"application\/ld+json\" class=\"yoast-schema-graph\">{\"@context\":\"https:\\\/\\\/schema.org\",\"@graph\":[{\"@type\":\"WebPage\",\"@id\":\"https:\\\/\\\/slowtravelhue.com\\\/vi\\\/\",\"url\":\"https:\\\/\\\/slowtravelhue.com\\\/vi\\\/\",\"name\":\"Trang ch\u1ee7 - Slow Travel Hue\",\"isPartOf\":{\"@id\":\"https:\\\/\\\/slowtravelhue.com\\\/#website\"},\"primaryImageOfPage\":{\"@id\":\"https:\\\/\\\/slowtravelhue.com\\\/vi\\\/#primaryimage\"},\"image\":{\"@id\":\"https:\\\/\\\/slowtravelhue.com\\\/vi\\\/#primaryimage\"},\"thumbnailUrl\":\"https:\\\/\\\/slowtravelhue.com\\\/wp-content\\\/uploads\\\/2015\\\/12\\\/Tour-Thanh-Toan-rural-immersion_slow-travel-with-kids.jpg\",\"datePublished\":\"2021-09-20T05:46:50+00:00\",\"dateModified\":\"2025-04-12T09:50:47+00:00\",\"description\":\"\u0110\u00e2y l\u00e0 n\u01a1i t\u1ed1t nh\u1ea5t \u0111\u1ec3 \u0111\u1eb7t tour du l\u1ecbch ch\u1eadm tham quan Hu\u1ebf. H\u00e3y \u0111\u1ebfn kh\u00e1m ph\u00e1 v\u00f9ng qu\u00ea y\u00ean b\u00ecnh, m\u00f3n ngon, l\u00e0ng ngh\u1ec1 v\u00e0 h\u01a1n n\u1eefa.\",\"breadcrumb\":{\"@id\":\"https:\\\/\\\/slowtravelhue.com\\\/vi\\\/#breadcrumb\"},\"inLanguage\":\"vi-VN\",\"potentialAction\":[{\"@type\":\"ReadAction\",\"target\":[\"https:\\\/\\\/slowtravelhue.com\\\/vi\\\/\"]}]},{\"@type\":\"ImageObject\",\"inLanguage\":\"vi-VN\",\"@id\":\"https:\\\/\\\/slowtravelhue.com\\\/vi\\\/#primaryimage\",\"url\":\"https:\\\/\\\/slowtravelhue.com\\\/wp-content\\\/uploads\\\/2015\\\/12\\\/Tour-Thanh-Toan-rural-immersion_slow-travel-with-kids.jpg\",\"contentUrl\":\"https:\\\/\\\/slowtravelhue.com\\\/wp-content\\\/uploads\\\/2015\\\/12\\\/Tour-Thanh-Toan-rural-immersion_slow-travel-with-kids.jpg\",\"width\":1024,\"height\":768},{\"@type\":\"BreadcrumbList\",\"@id\":\"https:\\\/\\\/slowtravelhue.com\\\/vi\\\/#breadcrumb\",\"itemListElement\":[{\"@type\":\"ListItem\",\"position\":1,\"name\":\"Trang ch\u1ee7\",\"item\":\"https:\\\/\\\/slowtravelhue.com\\\/vi\\\/\"},{\"@type\":\"ListItem\",\"position\":2,\"name\":\"Trang ch\u1ee7\"}]},{\"@type\":\"WebSite\",\"@id\":\"https:\\\/\\\/slowtravelhue.com\\\/#website\",\"url\":\"https:\\\/\\\/slowtravelhue.com\\\/\",\"name\":\"Slow Travel Hue\",\"description\":\"Integrating Slow Travel and Vietnamese Crafts\",\"publisher\":{\"@id\":\"https:\\\/\\\/slowtravelhue.com\\\/#organization\"},\"potentialAction\":[{\"@type\":\"SearchAction\",\"target\":{\"@type\":\"EntryPoint\",\"urlTemplate\":\"https:\\\/\\\/slowtravelhue.com\\\/?s={search_term_string}\"},\"query-input\":{\"@type\":\"PropertyValueSpecification\",\"valueRequired\":true,\"valueName\":\"search_term_string\"}}],\"inLanguage\":\"vi-VN\"},{\"@type\":\"Organization\",\"@id\":\"https:\\\/\\\/slowtravelhue.com\\\/#organization\",\"name\":\"Slow Travel Hue\",\"url\":\"https:\\\/\\\/slowtravelhue.com\\\/\",\"logo\":{\"@type\":\"ImageObject\",\"inLanguage\":\"vi-VN\",\"@id\":\"https:\\\/\\\/slowtravelhue.com\\\/#\\\/schema\\\/logo\\\/image\\\/\",\"url\":\"https:\\\/\\\/slowtravelhue.com\\\/wp-content\\\/uploads\\\/2021\\\/11\\\/logo_Slow-Travel-Hue.png\",\"contentUrl\":\"https:\\\/\\\/slowtravelhue.com\\\/wp-content\\\/uploads\\\/2021\\\/11\\\/logo_Slow-Travel-Hue.png\",\"width\":4167,\"height\":2434,\"caption\":\"Slow Travel Hue\"},\"image\":{\"@id\":\"https:\\\/\\\/slowtravelhue.com\\\/#\\\/schema\\\/logo\\\/image\\\/\"},\"sameAs\":[\"https:\\\/\\\/www.facebook.com\\\/slowtravelhue\\\/\",\"https:\\\/\\\/x.com\\\/SlowTravelHue\",\"https:\\\/\\\/www.instagram.com\\\/slowtravel.hue\\\/\",\"https:\\\/\\\/www.linkedin.com\\\/in\\\/slow-travel-hue-89352692\",\"https:\\\/\\\/www.pinterest.com\\\/slowtravelhue\\\/\",\"https:\\\/\\\/www.youtube.com\\\/channel\\\/UCqTsLrCBD6z6pc7mC4L_X4Q\"]}]}<\/script>\n<!-- \/ Yoast SEO Premium plugin. -->","yoast_head_json":{"title":"Trang ch\u1ee7 - Slow Travel Hue","description":"\u0110\u00e2y l\u00e0 n\u01a1i t\u1ed1t nh\u1ea5t \u0111\u1ec3 \u0111\u1eb7t tour du l\u1ecbch ch\u1eadm tham quan Hu\u1ebf. H\u00e3y \u0111\u1ebfn kh\u00e1m ph\u00e1 v\u00f9ng qu\u00ea y\u00ean b\u00ecnh, m\u00f3n ngon, l\u00e0ng ngh\u1ec1 v\u00e0 h\u01a1n n\u1eefa.","robots":{"index":"index","follow":"follow","max-snippet":"max-snippet:-1","max-image-preview":"max-image-preview:large","max-video-preview":"max-video-preview:-1"},"canonical":"https:\/\/slowtravelhue.com\/vi\/","og_locale":"vi_VN","og_type":"article","og_title":"Trang ch\u1ee7","og_description":"\u0110\u00e2y l\u00e0 n\u01a1i t\u1ed1t nh\u1ea5t \u0111\u1ec3 \u0111\u1eb7t tour du l\u1ecbch ch\u1eadm tham quan Hu\u1ebf. H\u00e3y \u0111\u1ebfn kh\u00e1m ph\u00e1 v\u00f9ng qu\u00ea y\u00ean b\u00ecnh, m\u00f3n ngon, l\u00e0ng ngh\u1ec1 v\u00e0 h\u01a1n n\u1eefa.","og_url":"https:\/\/slowtravelhue.com\/vi\/","og_site_name":"Slow Travel Hue","article_publisher":"https:\/\/www.facebook.com\/slowtravelhue\/","article_modified_time":"2025-04-12T09:50:47+00:00","og_image":[{"width":1024,"height":768,"url":"https:\/\/slowtravelhue.com\/wp-content\/uploads\/2015\/12\/Tour-Thanh-Toan-rural-immersion_slow-travel-with-kids.jpg","type":"image\/jpeg"}],"twitter_card":"summary_large_image","twitter_site":"@SlowTravelHue","schema":{"@context":"https:\/\/schema.org","@graph":[{"@type":"WebPage","@id":"https:\/\/slowtravelhue.com\/vi\/","url":"https:\/\/slowtravelhue.com\/vi\/","name":"Trang ch\u1ee7 - Slow Travel Hue","isPartOf":{"@id":"https:\/\/slowtravelhue.com\/#website"},"primaryImageOfPage":{"@id":"https:\/\/slowtravelhue.com\/vi\/#primaryimage"},"image":{"@id":"https:\/\/slowtravelhue.com\/vi\/#primaryimage"},"thumbnailUrl":"https:\/\/slowtravelhue.com\/wp-content\/uploads\/2015\/12\/Tour-Thanh-Toan-rural-immersion_slow-travel-with-kids.jpg","datePublished":"2021-09-20T05:46:50+00:00","dateModified":"2025-04-12T09:50:47+00:00","description":"\u0110\u00e2y l\u00e0 n\u01a1i t\u1ed1t nh\u1ea5t \u0111\u1ec3 \u0111\u1eb7t tour du l\u1ecbch ch\u1eadm tham quan Hu\u1ebf. H\u00e3y \u0111\u1ebfn kh\u00e1m ph\u00e1 v\u00f9ng qu\u00ea y\u00ean b\u00ecnh, m\u00f3n ngon, l\u00e0ng ngh\u1ec1 v\u00e0 h\u01a1n n\u1eefa.","breadcrumb":{"@id":"https:\/\/slowtravelhue.com\/vi\/#breadcrumb"},"inLanguage":"vi-VN","potentialAction":[{"@type":"ReadAction","target":["https:\/\/slowtravelhue.com\/vi\/"]}]},{"@type":"ImageObject","inLanguage":"vi-VN","@id":"https:\/\/slowtravelhue.com\/vi\/#primaryimage","url":"https:\/\/slowtravelhue.com\/wp-content\/uploads\/2015\/12\/Tour-Thanh-Toan-rural-immersion_slow-travel-with-kids.jpg","contentUrl":"https:\/\/slowtravelhue.com\/wp-content\/uploads\/2015\/12\/Tour-Thanh-Toan-rural-immersion_slow-travel-with-kids.jpg","width":1024,"height":768},{"@type":"BreadcrumbList","@id":"https:\/\/slowtravelhue.com\/vi\/#breadcrumb","itemListElement":[{"@type":"ListItem","position":1,"name":"Trang ch\u1ee7","item":"https:\/\/slowtravelhue.com\/vi\/"},{"@type":"ListItem","position":2,"name":"Trang ch\u1ee7"}]},{"@type":"WebSite","@id":"https:\/\/slowtravelhue.com\/#website","url":"https:\/\/slowtravelhue.com\/","name":"Slow Travel Hue","description":"Integrating Slow Travel and Vietnamese Crafts","publisher":{"@id":"https:\/\/slowtravelhue.com\/#organization"},"potentialAction":[{"@type":"SearchAction","target":{"@type":"EntryPoint","urlTemplate":"https:\/\/slowtravelhue.com\/?s={search_term_string}"},"query-input":{"@type":"PropertyValueSpecification","valueRequired":true,"valueName":"search_term_string"}}],"inLanguage":"vi-VN"},{"@type":"Organization","@id":"https:\/\/slowtravelhue.com\/#organization","name":"Slow Travel Hue","url":"https:\/\/slowtravelhue.com\/","logo":{"@type":"ImageObject","inLanguage":"vi-VN","@id":"https:\/\/slowtravelhue.com\/#\/schema\/logo\/image\/","url":"https:\/\/slowtravelhue.com\/wp-content\/uploads\/2021\/11\/logo_Slow-Travel-Hue.png","contentUrl":"https:\/\/slowtravelhue.com\/wp-content\/uploads\/2021\/11\/logo_Slow-Travel-Hue.png","width":4167,"height":2434,"caption":"Slow Travel Hue"},"image":{"@id":"https:\/\/slowtravelhue.com\/#\/schema\/logo\/image\/"},"sameAs":["https:\/\/www.facebook.com\/slowtravelhue\/","https:\/\/x.com\/SlowTravelHue","https:\/\/www.instagram.com\/slowtravel.hue\/","https:\/\/www.linkedin.com\/in\/slow-travel-hue-89352692","https:\/\/www.pinterest.com\/slowtravelhue\/","https:\/\/www.youtube.com\/channel\/UCqTsLrCBD6z6pc7mC4L_X4Q"]}]}},"_links":{"self":[{"href":"https:\/\/slowtravelhue.com\/vi\/wp-json\/wp\/v2\/pages\/7394","targetHints":{"allow":["GET"]}}],"collection":[{"href":"https:\/\/slowtravelhue.com\/vi\/wp-json\/wp\/v2\/pages"}],"about":[{"href":"https:\/\/slowtravelhue.com\/vi\/wp-json\/wp\/v2\/types\/page"}],"author":[{"embeddable":true,"href":"https:\/\/slowtravelhue.com\/vi\/wp-json\/wp\/v2\/users\/1"}],"replies":[{"embeddable":true,"href":"https:\/\/slowtravelhue.com\/vi\/wp-json\/wp\/v2\/comments?post=7394"}],"version-history":[{"count":6,"href":"https:\/\/slowtravelhue.com\/vi\/wp-json\/wp\/v2\/pages\/7394\/revisions"}],"predecessor-version":[{"id":13600,"href":"https:\/\/slowtravelhue.com\/vi\/wp-json\/wp\/v2\/pages\/7394\/revisions\/13600"}],"wp:featuredmedia":[{"embeddable":true,"href":"https:\/\/slowtravelhue.com\/vi\/wp-json\/wp\/v2\/media\/9632"}],"wp:attachment":[{"href":"https:\/\/slowtravelhue.com\/vi\/wp-json\/wp\/v2\/media?parent=7394"}],"curies":[{"name":"wp","href":"https:\/\/api.w.org\/{rel}","templated":true}]}}