{"id":7359,"date":"2021-09-20T12:02:35","date_gmt":"2021-09-20T05:02:35","guid":{"rendered":"http:\/\/slowtravelhue.com\/demo\/gioi-thieu\/"},"modified":"2022-01-15T15:21:39","modified_gmt":"2022-01-15T08:21:39","slug":"gioi-thieu","status":"publish","type":"page","link":"https:\/\/slowtravelhue.com\/vi\/gioi-thieu\/","title":{"rendered":"Gi\u1edbi thi\u1ec7u"},"content":{"rendered":"","protected":false},"excerpt":{"rendered":"","protected":false},"author":1,"featured_media":7383,"parent":0,"menu_order":0,"comment_status":"closed","ping_status":"closed","template":"","meta":{"footnotes":""},"class_list":["post-7359","page","type-page","status-publish","has-post-thumbnail","hentry"],"yoast_head":"<!-- This site is optimized with the Yoast SEO Premium plugin v19.4 (Yoast SEO v27.4) - https:\/\/yoast.com\/product\/yoast-seo-premium-wordpress\/ -->\n<title>Gi\u1edbi thi\u1ec7u - Slow Travel Hue<\/title>\n<meta name=\"description\" content=\"T\u1ea1i sao Slow Travel Hu\u1ebf chuy\u00ean tour du l\u1ecbch ch\u1eadm b\u1eb1ng xe \u0111\u1ea1p tr\u1ea3i nghi\u1ec7m l\u00e0ng ngh\u1ec1? B\u1ec1n v\u1eefng, H\u1ea1nh Ph\u00fac, Thi\u00ean Nhi\u00ean l\u00e0 gi\u00e1 tr\u1ecb c\u1ed1t l\u00f5i c\u1ee7a ch\u00fang t\u00f4i.\" \/>\n<meta name=\"robots\" content=\"index, follow, max-snippet:-1, max-image-preview:large, max-video-preview:-1\" \/>\n<link rel=\"canonical\" href=\"https:\/\/slowtravelhue.com\/vi\/gioi-thieu\/\" \/>\n<meta property=\"og:locale\" content=\"vi_VN\" \/>\n<meta property=\"og:type\" content=\"article\" \/>\n<meta property=\"og:title\" content=\"Gi\u1edbi thi\u1ec7u\" \/>\n<meta property=\"og:description\" content=\"T\u1ea1i sao Slow Travel Hu\u1ebf chuy\u00ean tour du l\u1ecbch ch\u1eadm b\u1eb1ng xe \u0111\u1ea1p tr\u1ea3i nghi\u1ec7m l\u00e0ng ngh\u1ec1? B\u1ec1n v\u1eefng, H\u1ea1nh Ph\u00fac, Thi\u00ean Nhi\u00ean l\u00e0 gi\u00e1 tr\u1ecb c\u1ed1t l\u00f5i c\u1ee7a ch\u00fang t\u00f4i.\" \/>\n<meta property=\"og:url\" content=\"https:\/\/slowtravelhue.com\/vi\/gioi-thieu\/\" \/>\n<meta property=\"og:site_name\" content=\"Slow Travel Hue\" \/>\n<meta property=\"article:publisher\" content=\"https:\/\/www.facebook.com\/slowtravelhue\/\" \/>\n<meta property=\"article:modified_time\" content=\"2022-01-15T08:21:39+00:00\" \/>\n<meta name=\"twitter:card\" content=\"summary_large_image\" \/>\n<meta name=\"twitter:site\" content=\"@SlowTravelHue\" \/>\n<script type=\"application\/ld+json\" class=\"yoast-schema-graph\">{\"@context\":\"https:\\\/\\\/schema.org\",\"@graph\":[{\"@type\":\"WebPage\",\"@id\":\"https:\\\/\\\/slowtravelhue.com\\\/vi\\\/gioi-thieu\\\/\",\"url\":\"https:\\\/\\\/slowtravelhue.com\\\/vi\\\/gioi-thieu\\\/\",\"name\":\"Gi\u1edbi thi\u1ec7u - Slow Travel Hue\",\"isPartOf\":{\"@id\":\"https:\\\/\\\/slowtravelhue.com\\\/#website\"},\"primaryImageOfPage\":{\"@id\":\"https:\\\/\\\/slowtravelhue.com\\\/vi\\\/gioi-thieu\\\/#primaryimage\"},\"image\":{\"@id\":\"https:\\\/\\\/slowtravelhue.com\\\/vi\\\/gioi-thieu\\\/#primaryimage\"},\"thumbnailUrl\":\"https:\\\/\\\/slowtravelhue.com\\\/wp-content\\\/uploads\\\/2021\\\/09\\\/Fulfilling-in-connecting.jpg\",\"datePublished\":\"2021-09-20T05:02:35+00:00\",\"dateModified\":\"2022-01-15T08:21:39+00:00\",\"description\":\"T\u1ea1i sao Slow Travel Hu\u1ebf chuy\u00ean tour du l\u1ecbch ch\u1eadm b\u1eb1ng xe \u0111\u1ea1p tr\u1ea3i nghi\u1ec7m l\u00e0ng ngh\u1ec1? B\u1ec1n v\u1eefng, H\u1ea1nh Ph\u00fac, Thi\u00ean Nhi\u00ean l\u00e0 gi\u00e1 tr\u1ecb c\u1ed1t l\u00f5i c\u1ee7a ch\u00fang t\u00f4i.\",\"breadcrumb\":{\"@id\":\"https:\\\/\\\/slowtravelhue.com\\\/vi\\\/gioi-thieu\\\/#breadcrumb\"},\"inLanguage\":\"vi-VN\",\"potentialAction\":[{\"@type\":\"ReadAction\",\"target\":[\"https:\\\/\\\/slowtravelhue.com\\\/vi\\\/gioi-thieu\\\/\"]}]},{\"@type\":\"ImageObject\",\"inLanguage\":\"vi-VN\",\"@id\":\"https:\\\/\\\/slowtravelhue.com\\\/vi\\\/gioi-thieu\\\/#primaryimage\",\"url\":\"https:\\\/\\\/slowtravelhue.com\\\/wp-content\\\/uploads\\\/2021\\\/09\\\/Fulfilling-in-connecting.jpg\",\"contentUrl\":\"https:\\\/\\\/slowtravelhue.com\\\/wp-content\\\/uploads\\\/2021\\\/09\\\/Fulfilling-in-connecting.jpg\",\"width\":1920,\"height\":1080,\"caption\":\"Du kh\u00e1ch Slow Travel Hu\u1ebf m\u1ec9m c\u01b0\u1eddi h\u1ea1nh ph\u00fac v\u1edbi chi\u1ebfc n\u00f3n b\u1eb1ng l\u00e1 sen.\"},{\"@type\":\"BreadcrumbList\",\"@id\":\"https:\\\/\\\/slowtravelhue.com\\\/vi\\\/gioi-thieu\\\/#breadcrumb\",\"itemListElement\":[{\"@type\":\"ListItem\",\"position\":1,\"name\":\"Trang ch\u1ee7\",\"item\":\"https:\\\/\\\/slowtravelhue.com\\\/vi\\\/\"},{\"@type\":\"ListItem\",\"position\":2,\"name\":\"Gi\u1edbi thi\u1ec7u\"}]},{\"@type\":\"WebSite\",\"@id\":\"https:\\\/\\\/slowtravelhue.com\\\/#website\",\"url\":\"https:\\\/\\\/slowtravelhue.com\\\/\",\"name\":\"Slow Travel Hue\",\"description\":\"Integrating Slow Travel and Vietnamese Crafts\",\"publisher\":{\"@id\":\"https:\\\/\\\/slowtravelhue.com\\\/#organization\"},\"potentialAction\":[{\"@type\":\"SearchAction\",\"target\":{\"@type\":\"EntryPoint\",\"urlTemplate\":\"https:\\\/\\\/slowtravelhue.com\\\/?s={search_term_string}\"},\"query-input\":{\"@type\":\"PropertyValueSpecification\",\"valueRequired\":true,\"valueName\":\"search_term_string\"}}],\"inLanguage\":\"vi-VN\"},{\"@type\":\"Organization\",\"@id\":\"https:\\\/\\\/slowtravelhue.com\\\/#organization\",\"name\":\"Slow Travel Hue\",\"url\":\"https:\\\/\\\/slowtravelhue.com\\\/\",\"logo\":{\"@type\":\"ImageObject\",\"inLanguage\":\"vi-VN\",\"@id\":\"https:\\\/\\\/slowtravelhue.com\\\/#\\\/schema\\\/logo\\\/image\\\/\",\"url\":\"https:\\\/\\\/slowtravelhue.com\\\/wp-content\\\/uploads\\\/2021\\\/11\\\/logo_Slow-Travel-Hue.png\",\"contentUrl\":\"https:\\\/\\\/slowtravelhue.com\\\/wp-content\\\/uploads\\\/2021\\\/11\\\/logo_Slow-Travel-Hue.png\",\"width\":4167,\"height\":2434,\"caption\":\"Slow Travel Hue\"},\"image\":{\"@id\":\"https:\\\/\\\/slowtravelhue.com\\\/#\\\/schema\\\/logo\\\/image\\\/\"},\"sameAs\":[\"https:\\\/\\\/www.facebook.com\\\/slowtravelhue\\\/\",\"https:\\\/\\\/x.com\\\/SlowTravelHue\",\"https:\\\/\\\/www.instagram.com\\\/slowtravel.hue\\\/\",\"https:\\\/\\\/www.linkedin.com\\\/in\\\/slow-travel-hue-89352692\",\"https:\\\/\\\/www.pinterest.com\\\/slowtravelhue\\\/\",\"https:\\\/\\\/www.youtube.com\\\/channel\\\/UCqTsLrCBD6z6pc7mC4L_X4Q\"]}]}<\/script>\n<!-- \/ Yoast SEO Premium plugin. -->","yoast_head_json":{"title":"Gi\u1edbi thi\u1ec7u - Slow Travel Hue","description":"T\u1ea1i sao Slow Travel Hu\u1ebf chuy\u00ean tour du l\u1ecbch ch\u1eadm b\u1eb1ng xe \u0111\u1ea1p tr\u1ea3i nghi\u1ec7m l\u00e0ng ngh\u1ec1? B\u1ec1n v\u1eefng, H\u1ea1nh Ph\u00fac, Thi\u00ean Nhi\u00ean l\u00e0 gi\u00e1 tr\u1ecb c\u1ed1t l\u00f5i c\u1ee7a ch\u00fang t\u00f4i.","robots":{"index":"index","follow":"follow","max-snippet":"max-snippet:-1","max-image-preview":"max-image-preview:large","max-video-preview":"max-video-preview:-1"},"canonical":"https:\/\/slowtravelhue.com\/vi\/gioi-thieu\/","og_locale":"vi_VN","og_type":"article","og_title":"Gi\u1edbi thi\u1ec7u","og_description":"T\u1ea1i sao Slow Travel Hu\u1ebf chuy\u00ean tour du l\u1ecbch ch\u1eadm b\u1eb1ng xe \u0111\u1ea1p tr\u1ea3i nghi\u1ec7m l\u00e0ng ngh\u1ec1? B\u1ec1n v\u1eefng, H\u1ea1nh Ph\u00fac, Thi\u00ean Nhi\u00ean l\u00e0 gi\u00e1 tr\u1ecb c\u1ed1t l\u00f5i c\u1ee7a ch\u00fang t\u00f4i.","og_url":"https:\/\/slowtravelhue.com\/vi\/gioi-thieu\/","og_site_name":"Slow Travel Hue","article_publisher":"https:\/\/www.facebook.com\/slowtravelhue\/","article_modified_time":"2022-01-15T08:21:39+00:00","twitter_card":"summary_large_image","twitter_site":"@SlowTravelHue","schema":{"@context":"https:\/\/schema.org","@graph":[{"@type":"WebPage","@id":"https:\/\/slowtravelhue.com\/vi\/gioi-thieu\/","url":"https:\/\/slowtravelhue.com\/vi\/gioi-thieu\/","name":"Gi\u1edbi thi\u1ec7u - Slow Travel Hue","isPartOf":{"@id":"https:\/\/slowtravelhue.com\/#website"},"primaryImageOfPage":{"@id":"https:\/\/slowtravelhue.com\/vi\/gioi-thieu\/#primaryimage"},"image":{"@id":"https:\/\/slowtravelhue.com\/vi\/gioi-thieu\/#primaryimage"},"thumbnailUrl":"https:\/\/slowtravelhue.com\/wp-content\/uploads\/2021\/09\/Fulfilling-in-connecting.jpg","datePublished":"2021-09-20T05:02:35+00:00","dateModified":"2022-01-15T08:21:39+00:00","description":"T\u1ea1i sao Slow Travel Hu\u1ebf chuy\u00ean tour du l\u1ecbch ch\u1eadm b\u1eb1ng xe \u0111\u1ea1p tr\u1ea3i nghi\u1ec7m l\u00e0ng ngh\u1ec1? B\u1ec1n v\u1eefng, H\u1ea1nh Ph\u00fac, Thi\u00ean Nhi\u00ean l\u00e0 gi\u00e1 tr\u1ecb c\u1ed1t l\u00f5i c\u1ee7a ch\u00fang t\u00f4i.","breadcrumb":{"@id":"https:\/\/slowtravelhue.com\/vi\/gioi-thieu\/#breadcrumb"},"inLanguage":"vi-VN","potentialAction":[{"@type":"ReadAction","target":["https:\/\/slowtravelhue.com\/vi\/gioi-thieu\/"]}]},{"@type":"ImageObject","inLanguage":"vi-VN","@id":"https:\/\/slowtravelhue.com\/vi\/gioi-thieu\/#primaryimage","url":"https:\/\/slowtravelhue.com\/wp-content\/uploads\/2021\/09\/Fulfilling-in-connecting.jpg","contentUrl":"https:\/\/slowtravelhue.com\/wp-content\/uploads\/2021\/09\/Fulfilling-in-connecting.jpg","width":1920,"height":1080,"caption":"Du kh\u00e1ch Slow Travel Hu\u1ebf m\u1ec9m c\u01b0\u1eddi h\u1ea1nh ph\u00fac v\u1edbi chi\u1ebfc n\u00f3n b\u1eb1ng l\u00e1 sen."},{"@type":"BreadcrumbList","@id":"https:\/\/slowtravelhue.com\/vi\/gioi-thieu\/#breadcrumb","itemListElement":[{"@type":"ListItem","position":1,"name":"Trang ch\u1ee7","item":"https:\/\/slowtravelhue.com\/vi\/"},{"@type":"ListItem","position":2,"name":"Gi\u1edbi thi\u1ec7u"}]},{"@type":"WebSite","@id":"https:\/\/slowtravelhue.com\/#website","url":"https:\/\/slowtravelhue.com\/","name":"Slow Travel Hue","description":"Integrating Slow Travel and Vietnamese Crafts","publisher":{"@id":"https:\/\/slowtravelhue.com\/#organization"},"potentialAction":[{"@type":"SearchAction","target":{"@type":"EntryPoint","urlTemplate":"https:\/\/slowtravelhue.com\/?s={search_term_string}"},"query-input":{"@type":"PropertyValueSpecification","valueRequired":true,"valueName":"search_term_string"}}],"inLanguage":"vi-VN"},{"@type":"Organization","@id":"https:\/\/slowtravelhue.com\/#organization","name":"Slow Travel Hue","url":"https:\/\/slowtravelhue.com\/","logo":{"@type":"ImageObject","inLanguage":"vi-VN","@id":"https:\/\/slowtravelhue.com\/#\/schema\/logo\/image\/","url":"https:\/\/slowtravelhue.com\/wp-content\/uploads\/2021\/11\/logo_Slow-Travel-Hue.png","contentUrl":"https:\/\/slowtravelhue.com\/wp-content\/uploads\/2021\/11\/logo_Slow-Travel-Hue.png","width":4167,"height":2434,"caption":"Slow Travel Hue"},"image":{"@id":"https:\/\/slowtravelhue.com\/#\/schema\/logo\/image\/"},"sameAs":["https:\/\/www.facebook.com\/slowtravelhue\/","https:\/\/x.com\/SlowTravelHue","https:\/\/www.instagram.com\/slowtravel.hue\/","https:\/\/www.linkedin.com\/in\/slow-travel-hue-89352692","https:\/\/www.pinterest.com\/slowtravelhue\/","https:\/\/www.youtube.com\/channel\/UCqTsLrCBD6z6pc7mC4L_X4Q"]}]}},"_links":{"self":[{"href":"https:\/\/slowtravelhue.com\/vi\/wp-json\/wp\/v2\/pages\/7359","targetHints":{"allow":["GET"]}}],"collection":[{"href":"https:\/\/slowtravelhue.com\/vi\/wp-json\/wp\/v2\/pages"}],"about":[{"href":"https:\/\/slowtravelhue.com\/vi\/wp-json\/wp\/v2\/types\/page"}],"author":[{"embeddable":true,"href":"https:\/\/slowtravelhue.com\/vi\/wp-json\/wp\/v2\/users\/1"}],"replies":[{"embeddable":true,"href":"https:\/\/slowtravelhue.com\/vi\/wp-json\/wp\/v2\/comments?post=7359"}],"version-history":[{"count":5,"href":"https:\/\/slowtravelhue.com\/vi\/wp-json\/wp\/v2\/pages\/7359\/revisions"}],"predecessor-version":[{"id":12208,"href":"https:\/\/slowtravelhue.com\/vi\/wp-json\/wp\/v2\/pages\/7359\/revisions\/12208"}],"wp:featuredmedia":[{"embeddable":true,"href":"https:\/\/slowtravelhue.com\/vi\/wp-json\/wp\/v2\/media\/7383"}],"wp:attachment":[{"href":"https:\/\/slowtravelhue.com\/vi\/wp-json\/wp\/v2\/media?parent=7359"}],"curies":[{"name":"wp","href":"https:\/\/api.w.org\/{rel}","templated":true}]}}