{"id":12253,"date":"2022-01-18T12:00:05","date_gmt":"2022-01-18T05:00:05","guid":{"rendered":"https:\/\/slowtravelhue.com\/top-tour-nhieu-ngay\/"},"modified":"2022-01-18T12:02:14","modified_gmt":"2022-01-18T05:02:14","slug":"top-tour-nhieu-ngay","status":"publish","type":"page","link":"https:\/\/slowtravelhue.com\/vi\/top-tour-nhieu-ngay\/","title":{"rendered":"Top tour nhi\u1ec1u ng\u00e0y"},"content":{"rendered":"","protected":false},"excerpt":{"rendered":"","protected":false},"author":1,"featured_media":9404,"parent":0,"menu_order":0,"comment_status":"closed","ping_status":"closed","template":"","meta":{"footnotes":""},"class_list":["post-12253","page","type-page","status-publish","has-post-thumbnail","hentry"],"yoast_head":"<!-- This site is optimized with the Yoast SEO Premium plugin v19.4 (Yoast SEO v27.3) - https:\/\/yoast.com\/product\/yoast-seo-premium-wordpress\/ -->\n<title>Top tour nhi\u1ec1u ng\u00e0y - Slow Travel Hue<\/title>\n<meta name=\"description\" content=\"Top tour nhi\u1ec1u ng\u00e0y gi\u1edbi thi\u1ec7u c\u00e1c g\u00f3i du l\u1ecbch ch\u1eadm, homestay gi\u00fap b\u1ea1n tr\u1ea3i nghi\u1ec7m s\u00e2u s\u1eafc v\u0103n h\u00f3a, thi\u00ean nhi\u00ean, phong c\u00e1ch s\u1ed1ng \u0111\u1ecba ph\u01b0\u01a1ng.\" \/>\n<meta name=\"robots\" content=\"index, follow, max-snippet:-1, max-image-preview:large, max-video-preview:-1\" \/>\n<link rel=\"canonical\" href=\"https:\/\/slowtravelhue.com\/vi\/top-tour-nhieu-ngay\/\" \/>\n<meta property=\"og:locale\" content=\"vi_VN\" \/>\n<meta property=\"og:type\" content=\"article\" \/>\n<meta property=\"og:title\" content=\"Top tour nhi\u1ec1u ng\u00e0y\" \/>\n<meta property=\"og:description\" content=\"Top tour nhi\u1ec1u ng\u00e0y gi\u1edbi thi\u1ec7u c\u00e1c g\u00f3i du l\u1ecbch ch\u1eadm, homestay gi\u00fap b\u1ea1n tr\u1ea3i nghi\u1ec7m s\u00e2u s\u1eafc v\u0103n h\u00f3a, thi\u00ean nhi\u00ean, phong c\u00e1ch s\u1ed1ng \u0111\u1ecba ph\u01b0\u01a1ng.\" \/>\n<meta property=\"og:url\" content=\"https:\/\/slowtravelhue.com\/vi\/top-tour-nhieu-ngay\/\" \/>\n<meta property=\"og:site_name\" content=\"Slow Travel Hue\" \/>\n<meta property=\"article:publisher\" content=\"https:\/\/www.facebook.com\/slowtravelhue\/\" \/>\n<meta property=\"article:modified_time\" content=\"2022-01-18T05:02:14+00:00\" \/>\n<meta property=\"og:image\" content=\"https:\/\/slowtravelhue.com\/wp-content\/uploads\/2021\/08\/Hue-slow-living-homestay.jpg\" \/>\n\t<meta property=\"og:image:width\" content=\"1920\" \/>\n\t<meta property=\"og:image:height\" content=\"1080\" \/>\n\t<meta property=\"og:image:type\" content=\"image\/jpeg\" \/>\n<meta name=\"twitter:card\" content=\"summary_large_image\" \/>\n<meta name=\"twitter:site\" content=\"@SlowTravelHue\" \/>\n<script type=\"application\/ld+json\" class=\"yoast-schema-graph\">{\"@context\":\"https:\\\/\\\/schema.org\",\"@graph\":[{\"@type\":\"WebPage\",\"@id\":\"https:\\\/\\\/slowtravelhue.com\\\/vi\\\/top-tour-nhieu-ngay\\\/\",\"url\":\"https:\\\/\\\/slowtravelhue.com\\\/vi\\\/top-tour-nhieu-ngay\\\/\",\"name\":\"Top tour nhi\u1ec1u ng\u00e0y - Slow Travel Hue\",\"isPartOf\":{\"@id\":\"https:\\\/\\\/slowtravelhue.com\\\/#website\"},\"primaryImageOfPage\":{\"@id\":\"https:\\\/\\\/slowtravelhue.com\\\/vi\\\/top-tour-nhieu-ngay\\\/#primaryimage\"},\"image\":{\"@id\":\"https:\\\/\\\/slowtravelhue.com\\\/vi\\\/top-tour-nhieu-ngay\\\/#primaryimage\"},\"thumbnailUrl\":\"https:\\\/\\\/slowtravelhue.com\\\/wp-content\\\/uploads\\\/2021\\\/08\\\/Hue-slow-living-homestay.jpg\",\"datePublished\":\"2022-01-18T05:00:05+00:00\",\"dateModified\":\"2022-01-18T05:02:14+00:00\",\"description\":\"Top tour nhi\u1ec1u ng\u00e0y gi\u1edbi thi\u1ec7u c\u00e1c g\u00f3i du l\u1ecbch ch\u1eadm, homestay gi\u00fap b\u1ea1n tr\u1ea3i nghi\u1ec7m s\u00e2u s\u1eafc v\u0103n h\u00f3a, thi\u00ean nhi\u00ean, phong c\u00e1ch s\u1ed1ng \u0111\u1ecba ph\u01b0\u01a1ng.\",\"breadcrumb\":{\"@id\":\"https:\\\/\\\/slowtravelhue.com\\\/vi\\\/top-tour-nhieu-ngay\\\/#breadcrumb\"},\"inLanguage\":\"vi-VN\",\"potentialAction\":[{\"@type\":\"ReadAction\",\"target\":[\"https:\\\/\\\/slowtravelhue.com\\\/vi\\\/top-tour-nhieu-ngay\\\/\"]}]},{\"@type\":\"ImageObject\",\"inLanguage\":\"vi-VN\",\"@id\":\"https:\\\/\\\/slowtravelhue.com\\\/vi\\\/top-tour-nhieu-ngay\\\/#primaryimage\",\"url\":\"https:\\\/\\\/slowtravelhue.com\\\/wp-content\\\/uploads\\\/2021\\\/08\\\/Hue-slow-living-homestay.jpg\",\"contentUrl\":\"https:\\\/\\\/slowtravelhue.com\\\/wp-content\\\/uploads\\\/2021\\\/08\\\/Hue-slow-living-homestay.jpg\",\"width\":1920,\"height\":1080},{\"@type\":\"BreadcrumbList\",\"@id\":\"https:\\\/\\\/slowtravelhue.com\\\/vi\\\/top-tour-nhieu-ngay\\\/#breadcrumb\",\"itemListElement\":[{\"@type\":\"ListItem\",\"position\":1,\"name\":\"Trang ch\u1ee7\",\"item\":\"https:\\\/\\\/slowtravelhue.com\\\/vi\\\/\"},{\"@type\":\"ListItem\",\"position\":2,\"name\":\"Top tour nhi\u1ec1u ng\u00e0y\"}]},{\"@type\":\"WebSite\",\"@id\":\"https:\\\/\\\/slowtravelhue.com\\\/#website\",\"url\":\"https:\\\/\\\/slowtravelhue.com\\\/\",\"name\":\"Slow Travel Hue\",\"description\":\"Integrating Slow Travel and Vietnamese Crafts\",\"publisher\":{\"@id\":\"https:\\\/\\\/slowtravelhue.com\\\/#organization\"},\"potentialAction\":[{\"@type\":\"SearchAction\",\"target\":{\"@type\":\"EntryPoint\",\"urlTemplate\":\"https:\\\/\\\/slowtravelhue.com\\\/?s={search_term_string}\"},\"query-input\":{\"@type\":\"PropertyValueSpecification\",\"valueRequired\":true,\"valueName\":\"search_term_string\"}}],\"inLanguage\":\"vi-VN\"},{\"@type\":\"Organization\",\"@id\":\"https:\\\/\\\/slowtravelhue.com\\\/#organization\",\"name\":\"Slow Travel Hue\",\"url\":\"https:\\\/\\\/slowtravelhue.com\\\/\",\"logo\":{\"@type\":\"ImageObject\",\"inLanguage\":\"vi-VN\",\"@id\":\"https:\\\/\\\/slowtravelhue.com\\\/#\\\/schema\\\/logo\\\/image\\\/\",\"url\":\"https:\\\/\\\/slowtravelhue.com\\\/wp-content\\\/uploads\\\/2021\\\/11\\\/logo_Slow-Travel-Hue.png\",\"contentUrl\":\"https:\\\/\\\/slowtravelhue.com\\\/wp-content\\\/uploads\\\/2021\\\/11\\\/logo_Slow-Travel-Hue.png\",\"width\":4167,\"height\":2434,\"caption\":\"Slow Travel Hue\"},\"image\":{\"@id\":\"https:\\\/\\\/slowtravelhue.com\\\/#\\\/schema\\\/logo\\\/image\\\/\"},\"sameAs\":[\"https:\\\/\\\/www.facebook.com\\\/slowtravelhue\\\/\",\"https:\\\/\\\/x.com\\\/SlowTravelHue\",\"https:\\\/\\\/www.instagram.com\\\/slowtravel.hue\\\/\",\"https:\\\/\\\/www.linkedin.com\\\/in\\\/slow-travel-hue-89352692\",\"https:\\\/\\\/www.pinterest.com\\\/slowtravelhue\\\/\",\"https:\\\/\\\/www.youtube.com\\\/channel\\\/UCqTsLrCBD6z6pc7mC4L_X4Q\"]}]}<\/script>\n<!-- \/ Yoast SEO Premium plugin. -->","yoast_head_json":{"title":"Top tour nhi\u1ec1u ng\u00e0y - Slow Travel Hue","description":"Top tour nhi\u1ec1u ng\u00e0y gi\u1edbi thi\u1ec7u c\u00e1c g\u00f3i du l\u1ecbch ch\u1eadm, homestay gi\u00fap b\u1ea1n tr\u1ea3i nghi\u1ec7m s\u00e2u s\u1eafc v\u0103n h\u00f3a, thi\u00ean nhi\u00ean, phong c\u00e1ch s\u1ed1ng \u0111\u1ecba ph\u01b0\u01a1ng.","robots":{"index":"index","follow":"follow","max-snippet":"max-snippet:-1","max-image-preview":"max-image-preview:large","max-video-preview":"max-video-preview:-1"},"canonical":"https:\/\/slowtravelhue.com\/vi\/top-tour-nhieu-ngay\/","og_locale":"vi_VN","og_type":"article","og_title":"Top tour nhi\u1ec1u ng\u00e0y","og_description":"Top tour nhi\u1ec1u ng\u00e0y gi\u1edbi thi\u1ec7u c\u00e1c g\u00f3i du l\u1ecbch ch\u1eadm, homestay gi\u00fap b\u1ea1n tr\u1ea3i nghi\u1ec7m s\u00e2u s\u1eafc v\u0103n h\u00f3a, thi\u00ean nhi\u00ean, phong c\u00e1ch s\u1ed1ng \u0111\u1ecba ph\u01b0\u01a1ng.","og_url":"https:\/\/slowtravelhue.com\/vi\/top-tour-nhieu-ngay\/","og_site_name":"Slow Travel Hue","article_publisher":"https:\/\/www.facebook.com\/slowtravelhue\/","article_modified_time":"2022-01-18T05:02:14+00:00","og_image":[{"width":1920,"height":1080,"url":"https:\/\/slowtravelhue.com\/wp-content\/uploads\/2021\/08\/Hue-slow-living-homestay.jpg","type":"image\/jpeg"}],"twitter_card":"summary_large_image","twitter_site":"@SlowTravelHue","schema":{"@context":"https:\/\/schema.org","@graph":[{"@type":"WebPage","@id":"https:\/\/slowtravelhue.com\/vi\/top-tour-nhieu-ngay\/","url":"https:\/\/slowtravelhue.com\/vi\/top-tour-nhieu-ngay\/","name":"Top tour nhi\u1ec1u ng\u00e0y - Slow Travel Hue","isPartOf":{"@id":"https:\/\/slowtravelhue.com\/#website"},"primaryImageOfPage":{"@id":"https:\/\/slowtravelhue.com\/vi\/top-tour-nhieu-ngay\/#primaryimage"},"image":{"@id":"https:\/\/slowtravelhue.com\/vi\/top-tour-nhieu-ngay\/#primaryimage"},"thumbnailUrl":"https:\/\/slowtravelhue.com\/wp-content\/uploads\/2021\/08\/Hue-slow-living-homestay.jpg","datePublished":"2022-01-18T05:00:05+00:00","dateModified":"2022-01-18T05:02:14+00:00","description":"Top tour nhi\u1ec1u ng\u00e0y gi\u1edbi thi\u1ec7u c\u00e1c g\u00f3i du l\u1ecbch ch\u1eadm, homestay gi\u00fap b\u1ea1n tr\u1ea3i nghi\u1ec7m s\u00e2u s\u1eafc v\u0103n h\u00f3a, thi\u00ean nhi\u00ean, phong c\u00e1ch s\u1ed1ng \u0111\u1ecba ph\u01b0\u01a1ng.","breadcrumb":{"@id":"https:\/\/slowtravelhue.com\/vi\/top-tour-nhieu-ngay\/#breadcrumb"},"inLanguage":"vi-VN","potentialAction":[{"@type":"ReadAction","target":["https:\/\/slowtravelhue.com\/vi\/top-tour-nhieu-ngay\/"]}]},{"@type":"ImageObject","inLanguage":"vi-VN","@id":"https:\/\/slowtravelhue.com\/vi\/top-tour-nhieu-ngay\/#primaryimage","url":"https:\/\/slowtravelhue.com\/wp-content\/uploads\/2021\/08\/Hue-slow-living-homestay.jpg","contentUrl":"https:\/\/slowtravelhue.com\/wp-content\/uploads\/2021\/08\/Hue-slow-living-homestay.jpg","width":1920,"height":1080},{"@type":"BreadcrumbList","@id":"https:\/\/slowtravelhue.com\/vi\/top-tour-nhieu-ngay\/#breadcrumb","itemListElement":[{"@type":"ListItem","position":1,"name":"Trang ch\u1ee7","item":"https:\/\/slowtravelhue.com\/vi\/"},{"@type":"ListItem","position":2,"name":"Top tour nhi\u1ec1u ng\u00e0y"}]},{"@type":"WebSite","@id":"https:\/\/slowtravelhue.com\/#website","url":"https:\/\/slowtravelhue.com\/","name":"Slow Travel Hue","description":"Integrating Slow Travel and Vietnamese Crafts","publisher":{"@id":"https:\/\/slowtravelhue.com\/#organization"},"potentialAction":[{"@type":"SearchAction","target":{"@type":"EntryPoint","urlTemplate":"https:\/\/slowtravelhue.com\/?s={search_term_string}"},"query-input":{"@type":"PropertyValueSpecification","valueRequired":true,"valueName":"search_term_string"}}],"inLanguage":"vi-VN"},{"@type":"Organization","@id":"https:\/\/slowtravelhue.com\/#organization","name":"Slow Travel Hue","url":"https:\/\/slowtravelhue.com\/","logo":{"@type":"ImageObject","inLanguage":"vi-VN","@id":"https:\/\/slowtravelhue.com\/#\/schema\/logo\/image\/","url":"https:\/\/slowtravelhue.com\/wp-content\/uploads\/2021\/11\/logo_Slow-Travel-Hue.png","contentUrl":"https:\/\/slowtravelhue.com\/wp-content\/uploads\/2021\/11\/logo_Slow-Travel-Hue.png","width":4167,"height":2434,"caption":"Slow Travel Hue"},"image":{"@id":"https:\/\/slowtravelhue.com\/#\/schema\/logo\/image\/"},"sameAs":["https:\/\/www.facebook.com\/slowtravelhue\/","https:\/\/x.com\/SlowTravelHue","https:\/\/www.instagram.com\/slowtravel.hue\/","https:\/\/www.linkedin.com\/in\/slow-travel-hue-89352692","https:\/\/www.pinterest.com\/slowtravelhue\/","https:\/\/www.youtube.com\/channel\/UCqTsLrCBD6z6pc7mC4L_X4Q"]}]}},"_links":{"self":[{"href":"https:\/\/slowtravelhue.com\/vi\/wp-json\/wp\/v2\/pages\/12253","targetHints":{"allow":["GET"]}}],"collection":[{"href":"https:\/\/slowtravelhue.com\/vi\/wp-json\/wp\/v2\/pages"}],"about":[{"href":"https:\/\/slowtravelhue.com\/vi\/wp-json\/wp\/v2\/types\/page"}],"author":[{"embeddable":true,"href":"https:\/\/slowtravelhue.com\/vi\/wp-json\/wp\/v2\/users\/1"}],"replies":[{"embeddable":true,"href":"https:\/\/slowtravelhue.com\/vi\/wp-json\/wp\/v2\/comments?post=12253"}],"version-history":[{"count":3,"href":"https:\/\/slowtravelhue.com\/vi\/wp-json\/wp\/v2\/pages\/12253\/revisions"}],"predecessor-version":[{"id":12257,"href":"https:\/\/slowtravelhue.com\/vi\/wp-json\/wp\/v2\/pages\/12253\/revisions\/12257"}],"wp:featuredmedia":[{"embeddable":true,"href":"https:\/\/slowtravelhue.com\/vi\/wp-json\/wp\/v2\/media\/9404"}],"wp:attachment":[{"href":"https:\/\/slowtravelhue.com\/vi\/wp-json\/wp\/v2\/media?parent=12253"}],"curies":[{"name":"wp","href":"https:\/\/api.w.org\/{rel}","templated":true}]}}