{"id":10506,"date":"2021-11-04T18:53:58","date_gmt":"2021-11-04T11:53:58","guid":{"rendered":"https:\/\/slowtravelhue.com\/cac-cau-hoi-thuong-gap\/"},"modified":"2021-11-04T21:12:57","modified_gmt":"2021-11-04T14:12:57","slug":"cac-cau-hoi-thuong-gap","status":"publish","type":"page","link":"https:\/\/slowtravelhue.com\/vi\/cac-cau-hoi-thuong-gap\/","title":{"rendered":"C\u00e1c c\u00e2u h\u1ecfi th\u01b0\u1eddng g\u1eb7p"},"content":{"rendered":"","protected":false},"excerpt":{"rendered":"","protected":false},"author":1,"featured_media":0,"parent":0,"menu_order":0,"comment_status":"closed","ping_status":"closed","template":"","meta":{"footnotes":""},"class_list":["post-10506","page","type-page","status-publish","hentry"],"yoast_head":"<!-- This site is optimized with the Yoast SEO Premium plugin v19.4 (Yoast SEO v27.4) - https:\/\/yoast.com\/product\/yoast-seo-premium-wordpress\/ -->\n<title>C\u00e1c c\u00e2u h\u1ecfi th\u01b0\u1eddng g\u1eb7p - Slow Travel Hue<\/title>\n<meta name=\"description\" content=\"D\u01b0\u1edbi \u0111\u00e2y ch\u1ec9 l\u00e0 m\u1ed9t s\u1ed1 C\u00e2u h\u1ecfi Th\u01b0\u1eddng g\u1eb7p v\u1ec1 Tour, D\u1ecbch v\u1ee5, Th\u1eddi ti\u1ebft, Th\u1ef1c ph\u1ea9m, An to\u00e0n, \u0110\u1eb7t ch\u1ed7, v.v. Vui l\u00f2ng cho ch\u00fang t\u00f4i bi\u1ebft n\u1ebfu c\u00f3 th\u00eam c\u00e2u h\u1ecfi \u1ecf trang &quot;Li\u00ean h\u1ec7&quot;.\" \/>\n<meta name=\"robots\" content=\"index, follow, max-snippet:-1, max-image-preview:large, max-video-preview:-1\" \/>\n<link rel=\"canonical\" href=\"https:\/\/slowtravelhue.com\/vi\/cac-cau-hoi-thuong-gap\/\" \/>\n<meta property=\"og:locale\" content=\"vi_VN\" \/>\n<meta property=\"og:type\" content=\"article\" \/>\n<meta property=\"og:title\" content=\"C\u00e1c c\u00e2u h\u1ecfi th\u01b0\u1eddng g\u1eb7p\" \/>\n<meta property=\"og:description\" content=\"D\u01b0\u1edbi \u0111\u00e2y ch\u1ec9 l\u00e0 m\u1ed9t s\u1ed1 C\u00e2u h\u1ecfi Th\u01b0\u1eddng g\u1eb7p v\u1ec1 Tour, D\u1ecbch v\u1ee5, Th\u1eddi ti\u1ebft, Th\u1ef1c ph\u1ea9m, An to\u00e0n, \u0110\u1eb7t ch\u1ed7, v.v. Vui l\u00f2ng cho ch\u00fang t\u00f4i bi\u1ebft n\u1ebfu c\u00f3 th\u00eam c\u00e2u h\u1ecfi \u1ecf trang &quot;Li\u00ean h\u1ec7&quot;.\" \/>\n<meta property=\"og:url\" content=\"https:\/\/slowtravelhue.com\/vi\/cac-cau-hoi-thuong-gap\/\" \/>\n<meta property=\"og:site_name\" content=\"Slow Travel Hue\" \/>\n<meta property=\"article:publisher\" content=\"https:\/\/www.facebook.com\/slowtravelhue\/\" \/>\n<meta property=\"article:modified_time\" content=\"2021-11-04T14:12:57+00:00\" \/>\n<meta name=\"twitter:card\" content=\"summary_large_image\" \/>\n<meta name=\"twitter:site\" content=\"@SlowTravelHue\" \/>\n<script type=\"application\/ld+json\" class=\"yoast-schema-graph\">{\"@context\":\"https:\\\/\\\/schema.org\",\"@graph\":[{\"@type\":\"WebPage\",\"@id\":\"https:\\\/\\\/slowtravelhue.com\\\/vi\\\/cac-cau-hoi-thuong-gap\\\/\",\"url\":\"https:\\\/\\\/slowtravelhue.com\\\/vi\\\/cac-cau-hoi-thuong-gap\\\/\",\"name\":\"C\u00e1c c\u00e2u h\u1ecfi th\u01b0\u1eddng g\u1eb7p - Slow Travel Hue\",\"isPartOf\":{\"@id\":\"https:\\\/\\\/slowtravelhue.com\\\/#website\"},\"datePublished\":\"2021-11-04T11:53:58+00:00\",\"dateModified\":\"2021-11-04T14:12:57+00:00\",\"description\":\"D\u01b0\u1edbi \u0111\u00e2y ch\u1ec9 l\u00e0 m\u1ed9t s\u1ed1 C\u00e2u h\u1ecfi Th\u01b0\u1eddng g\u1eb7p v\u1ec1 Tour, D\u1ecbch v\u1ee5, Th\u1eddi ti\u1ebft, Th\u1ef1c ph\u1ea9m, An to\u00e0n, \u0110\u1eb7t ch\u1ed7, v.v. Vui l\u00f2ng cho ch\u00fang t\u00f4i bi\u1ebft n\u1ebfu c\u00f3 th\u00eam c\u00e2u h\u1ecfi \u1ecf trang \\\"Li\u00ean h\u1ec7\\\".\",\"breadcrumb\":{\"@id\":\"https:\\\/\\\/slowtravelhue.com\\\/vi\\\/cac-cau-hoi-thuong-gap\\\/#breadcrumb\"},\"inLanguage\":\"vi-VN\",\"potentialAction\":[{\"@type\":\"ReadAction\",\"target\":[\"https:\\\/\\\/slowtravelhue.com\\\/vi\\\/cac-cau-hoi-thuong-gap\\\/\"]}]},{\"@type\":\"BreadcrumbList\",\"@id\":\"https:\\\/\\\/slowtravelhue.com\\\/vi\\\/cac-cau-hoi-thuong-gap\\\/#breadcrumb\",\"itemListElement\":[{\"@type\":\"ListItem\",\"position\":1,\"name\":\"Trang ch\u1ee7\",\"item\":\"https:\\\/\\\/slowtravelhue.com\\\/vi\\\/\"},{\"@type\":\"ListItem\",\"position\":2,\"name\":\"C\u00e1c c\u00e2u h\u1ecfi th\u01b0\u1eddng g\u1eb7p\"}]},{\"@type\":\"WebSite\",\"@id\":\"https:\\\/\\\/slowtravelhue.com\\\/#website\",\"url\":\"https:\\\/\\\/slowtravelhue.com\\\/\",\"name\":\"Slow Travel Hue\",\"description\":\"Integrating Slow Travel and Vietnamese Crafts\",\"publisher\":{\"@id\":\"https:\\\/\\\/slowtravelhue.com\\\/#organization\"},\"potentialAction\":[{\"@type\":\"SearchAction\",\"target\":{\"@type\":\"EntryPoint\",\"urlTemplate\":\"https:\\\/\\\/slowtravelhue.com\\\/?s={search_term_string}\"},\"query-input\":{\"@type\":\"PropertyValueSpecification\",\"valueRequired\":true,\"valueName\":\"search_term_string\"}}],\"inLanguage\":\"vi-VN\"},{\"@type\":\"Organization\",\"@id\":\"https:\\\/\\\/slowtravelhue.com\\\/#organization\",\"name\":\"Slow Travel Hue\",\"url\":\"https:\\\/\\\/slowtravelhue.com\\\/\",\"logo\":{\"@type\":\"ImageObject\",\"inLanguage\":\"vi-VN\",\"@id\":\"https:\\\/\\\/slowtravelhue.com\\\/#\\\/schema\\\/logo\\\/image\\\/\",\"url\":\"https:\\\/\\\/slowtravelhue.com\\\/wp-content\\\/uploads\\\/2021\\\/11\\\/logo_Slow-Travel-Hue.png\",\"contentUrl\":\"https:\\\/\\\/slowtravelhue.com\\\/wp-content\\\/uploads\\\/2021\\\/11\\\/logo_Slow-Travel-Hue.png\",\"width\":4167,\"height\":2434,\"caption\":\"Slow Travel Hue\"},\"image\":{\"@id\":\"https:\\\/\\\/slowtravelhue.com\\\/#\\\/schema\\\/logo\\\/image\\\/\"},\"sameAs\":[\"https:\\\/\\\/www.facebook.com\\\/slowtravelhue\\\/\",\"https:\\\/\\\/x.com\\\/SlowTravelHue\",\"https:\\\/\\\/www.instagram.com\\\/slowtravel.hue\\\/\",\"https:\\\/\\\/www.linkedin.com\\\/in\\\/slow-travel-hue-89352692\",\"https:\\\/\\\/www.pinterest.com\\\/slowtravelhue\\\/\",\"https:\\\/\\\/www.youtube.com\\\/channel\\\/UCqTsLrCBD6z6pc7mC4L_X4Q\"]}]}<\/script>\n<!-- \/ Yoast SEO Premium plugin. -->","yoast_head_json":{"title":"C\u00e1c c\u00e2u h\u1ecfi th\u01b0\u1eddng g\u1eb7p - Slow Travel Hue","description":"D\u01b0\u1edbi \u0111\u00e2y ch\u1ec9 l\u00e0 m\u1ed9t s\u1ed1 C\u00e2u h\u1ecfi Th\u01b0\u1eddng g\u1eb7p v\u1ec1 Tour, D\u1ecbch v\u1ee5, Th\u1eddi ti\u1ebft, Th\u1ef1c ph\u1ea9m, An to\u00e0n, \u0110\u1eb7t ch\u1ed7, v.v. Vui l\u00f2ng cho ch\u00fang t\u00f4i bi\u1ebft n\u1ebfu c\u00f3 th\u00eam c\u00e2u h\u1ecfi \u1ecf trang \"Li\u00ean h\u1ec7\".","robots":{"index":"index","follow":"follow","max-snippet":"max-snippet:-1","max-image-preview":"max-image-preview:large","max-video-preview":"max-video-preview:-1"},"canonical":"https:\/\/slowtravelhue.com\/vi\/cac-cau-hoi-thuong-gap\/","og_locale":"vi_VN","og_type":"article","og_title":"C\u00e1c c\u00e2u h\u1ecfi th\u01b0\u1eddng g\u1eb7p","og_description":"D\u01b0\u1edbi \u0111\u00e2y ch\u1ec9 l\u00e0 m\u1ed9t s\u1ed1 C\u00e2u h\u1ecfi Th\u01b0\u1eddng g\u1eb7p v\u1ec1 Tour, D\u1ecbch v\u1ee5, Th\u1eddi ti\u1ebft, Th\u1ef1c ph\u1ea9m, An to\u00e0n, \u0110\u1eb7t ch\u1ed7, v.v. Vui l\u00f2ng cho ch\u00fang t\u00f4i bi\u1ebft n\u1ebfu c\u00f3 th\u00eam c\u00e2u h\u1ecfi \u1ecf trang \"Li\u00ean h\u1ec7\".","og_url":"https:\/\/slowtravelhue.com\/vi\/cac-cau-hoi-thuong-gap\/","og_site_name":"Slow Travel Hue","article_publisher":"https:\/\/www.facebook.com\/slowtravelhue\/","article_modified_time":"2021-11-04T14:12:57+00:00","twitter_card":"summary_large_image","twitter_site":"@SlowTravelHue","schema":{"@context":"https:\/\/schema.org","@graph":[{"@type":"WebPage","@id":"https:\/\/slowtravelhue.com\/vi\/cac-cau-hoi-thuong-gap\/","url":"https:\/\/slowtravelhue.com\/vi\/cac-cau-hoi-thuong-gap\/","name":"C\u00e1c c\u00e2u h\u1ecfi th\u01b0\u1eddng g\u1eb7p - Slow Travel Hue","isPartOf":{"@id":"https:\/\/slowtravelhue.com\/#website"},"datePublished":"2021-11-04T11:53:58+00:00","dateModified":"2021-11-04T14:12:57+00:00","description":"D\u01b0\u1edbi \u0111\u00e2y ch\u1ec9 l\u00e0 m\u1ed9t s\u1ed1 C\u00e2u h\u1ecfi Th\u01b0\u1eddng g\u1eb7p v\u1ec1 Tour, D\u1ecbch v\u1ee5, Th\u1eddi ti\u1ebft, Th\u1ef1c ph\u1ea9m, An to\u00e0n, \u0110\u1eb7t ch\u1ed7, v.v. Vui l\u00f2ng cho ch\u00fang t\u00f4i bi\u1ebft n\u1ebfu c\u00f3 th\u00eam c\u00e2u h\u1ecfi \u1ecf trang \"Li\u00ean h\u1ec7\".","breadcrumb":{"@id":"https:\/\/slowtravelhue.com\/vi\/cac-cau-hoi-thuong-gap\/#breadcrumb"},"inLanguage":"vi-VN","potentialAction":[{"@type":"ReadAction","target":["https:\/\/slowtravelhue.com\/vi\/cac-cau-hoi-thuong-gap\/"]}]},{"@type":"BreadcrumbList","@id":"https:\/\/slowtravelhue.com\/vi\/cac-cau-hoi-thuong-gap\/#breadcrumb","itemListElement":[{"@type":"ListItem","position":1,"name":"Trang ch\u1ee7","item":"https:\/\/slowtravelhue.com\/vi\/"},{"@type":"ListItem","position":2,"name":"C\u00e1c c\u00e2u h\u1ecfi th\u01b0\u1eddng g\u1eb7p"}]},{"@type":"WebSite","@id":"https:\/\/slowtravelhue.com\/#website","url":"https:\/\/slowtravelhue.com\/","name":"Slow Travel Hue","description":"Integrating Slow Travel and Vietnamese Crafts","publisher":{"@id":"https:\/\/slowtravelhue.com\/#organization"},"potentialAction":[{"@type":"SearchAction","target":{"@type":"EntryPoint","urlTemplate":"https:\/\/slowtravelhue.com\/?s={search_term_string}"},"query-input":{"@type":"PropertyValueSpecification","valueRequired":true,"valueName":"search_term_string"}}],"inLanguage":"vi-VN"},{"@type":"Organization","@id":"https:\/\/slowtravelhue.com\/#organization","name":"Slow Travel Hue","url":"https:\/\/slowtravelhue.com\/","logo":{"@type":"ImageObject","inLanguage":"vi-VN","@id":"https:\/\/slowtravelhue.com\/#\/schema\/logo\/image\/","url":"https:\/\/slowtravelhue.com\/wp-content\/uploads\/2021\/11\/logo_Slow-Travel-Hue.png","contentUrl":"https:\/\/slowtravelhue.com\/wp-content\/uploads\/2021\/11\/logo_Slow-Travel-Hue.png","width":4167,"height":2434,"caption":"Slow Travel Hue"},"image":{"@id":"https:\/\/slowtravelhue.com\/#\/schema\/logo\/image\/"},"sameAs":["https:\/\/www.facebook.com\/slowtravelhue\/","https:\/\/x.com\/SlowTravelHue","https:\/\/www.instagram.com\/slowtravel.hue\/","https:\/\/www.linkedin.com\/in\/slow-travel-hue-89352692","https:\/\/www.pinterest.com\/slowtravelhue\/","https:\/\/www.youtube.com\/channel\/UCqTsLrCBD6z6pc7mC4L_X4Q"]}]}},"_links":{"self":[{"href":"https:\/\/slowtravelhue.com\/vi\/wp-json\/wp\/v2\/pages\/10506","targetHints":{"allow":["GET"]}}],"collection":[{"href":"https:\/\/slowtravelhue.com\/vi\/wp-json\/wp\/v2\/pages"}],"about":[{"href":"https:\/\/slowtravelhue.com\/vi\/wp-json\/wp\/v2\/types\/page"}],"author":[{"embeddable":true,"href":"https:\/\/slowtravelhue.com\/vi\/wp-json\/wp\/v2\/users\/1"}],"replies":[{"embeddable":true,"href":"https:\/\/slowtravelhue.com\/vi\/wp-json\/wp\/v2\/comments?post=10506"}],"version-history":[{"count":2,"href":"https:\/\/slowtravelhue.com\/vi\/wp-json\/wp\/v2\/pages\/10506\/revisions"}],"predecessor-version":[{"id":10525,"href":"https:\/\/slowtravelhue.com\/vi\/wp-json\/wp\/v2\/pages\/10506\/revisions\/10525"}],"wp:attachment":[{"href":"https:\/\/slowtravelhue.com\/vi\/wp-json\/wp\/v2\/media?parent=10506"}],"curies":[{"name":"wp","href":"https:\/\/api.w.org\/{rel}","templated":true}]}}