{"id":10482,"date":"2021-11-04T16:42:52","date_gmt":"2021-11-04T09:42:52","guid":{"rendered":"https:\/\/slowtravelhue.com\/dieu-khoan-dich-vu\/"},"modified":"2021-11-04T16:42:52","modified_gmt":"2021-11-04T09:42:52","slug":"dieu-khoan-dich-vu","status":"publish","type":"page","link":"https:\/\/slowtravelhue.com\/vi\/dieu-khoan-dich-vu\/","title":{"rendered":"\u0110i\u1ec1u kho\u1ea3n d\u1ecbch v\u1ee5"},"content":{"rendered":"\n<p><strong><em>C\u00e1c \u0110i\u1ec1u kho\u1ea3n d\u1ecbch v\u1ee5 \u0111\u01b0\u1ee3c \u00e1p d\u1ee5ng cho c\u00e1c Tours v\u00e0 K\u1ef3 ngh\u1ec9 tr\u1ecdn g\u00f3i.<\/em><\/strong><\/p>\n\n<h5 class=\"wp-block-heading\">1. <strong>Ch\u00ednh s\u00e1ch tr\u1ebb em<\/strong><\/h5>\n\n<ul class=\"wp-block-list\"><li>Tr\u1ebb em t\u1eeb 0-5 tu\u1ed5i \u0111\u01b0\u1ee3c mi\u1ec5n ph\u00ed<\/li><li>Tr\u1ebb em t\u1eeb 6-11 tu\u1ed5i \u0111\u01b0\u1ee3c t\u00ednh theo gi\u00e1 tr\u1ebb em. Th\u01b0\u1eddng kho\u1ea3ng n\u1eeda gi\u00e1 ng\u01b0\u1eddi l\u1edbn.<\/li><li>Tr\u1ebb em t\u1eeb 12 tu\u1ed5i \u0111\u01b0\u1ee3c t\u00ednh nh\u01b0 gi\u00e1 ng\u01b0\u1eddi l\u1edbn.<\/li><li>V\u1edbi gia \u0111\u00ecnh v\u00e0 \u0111o\u00e0n l\u1edbn c\u00f3 nhi\u1ec1u tr\u1ebb em, vui l\u00f2ng s\u1eed d\u1ee5ng m\u1eabu y\u00eau c\u1ea7u \u0111\u1ec3 ch\u00fang t\u00f4i b\u00e1o gi\u00e1 t\u1ed1t nh\u1ea5t.<\/li><\/ul>\n\n<h5 class=\"wp-block-heading\">2. <strong>\u0110\u1eb7t tour v\u00e0 thanh to\u00e1n<\/strong><\/h5>\n\n<p>Vi\u1ec7c \u0111\u1eb7t ch\u1ed7 \u0111\u01b0\u1ee3c th\u1ef1c hi\u1ec7n qua trang web c\u1ee7a ch\u00fang t\u00f4i (ho\u1eb7c qua email ho\u1eb7c \u0111i\u1ec7n tho\u1ea1i &#8211; theo c\u00e1c s\u1ed1 tr\u00ean) ph\u1ea3i \u0111\u01b0\u1ee3c nh\u1eadn 24 gi\u1edd tr\u01b0\u1edbc khi b\u1eaft \u0111\u1ea7u chuy\u1ebfn tham quan.<\/p>\n\n<p>X\u00e1c nh\u1eadn \u0111\u1eb7t ch\u1ed7 v\u00e0 b\u00e1o gi\u00e1 s\u1ebd \u0111\u01b0\u1ee3c g\u1eedi cho b\u1ea1n trong v\u00f2ng 24 gi\u1edd sau khi nh\u1eadn \u0111\u01b0\u1ee3c y\u00eau c\u1ea7u. Tr\u1eeb khi c\u00f3 th\u00f4ng b\u00e1o kh\u00e1c, qu\u00fd kh\u00e1ch ph\u1ea3i thanh to\u00e1n 100% trong v\u00f2ng 3 ng\u00e0y ho\u1eb7c 48 gi\u1edd tr\u01b0\u1edbc khi kh\u1edfi h\u00e0nh t\u00f9y theo \u0111i\u1ec1u ki\u1ec7n n\u00e0o \u0111\u1ebfn tr\u01b0\u1edbc. <\/p>\n\n<p>Ph\u01b0\u01a1ng th\u1ee9c thanh to\u00e1n s\u1ebd \u0111\u01b0\u1ee3c th\u00f4ng b\u00e1o t\u1ea1i th\u1eddi \u0111i\u1ec3m \u0111\u1eb7t ch\u1ed7 \u0111\u1ec3 thu\u1eadn ti\u1ec7n nh\u1ea5t cho du kh\u00e1ch. Xin l\u01b0u \u00fd r\u1eb1ng gi\u00e1 ch\u01b0a bao g\u1ed3m thu\u1ebf v\u00e0 ph\u00ed thanh to\u00e1n.<\/p>\n\n<h5 class=\"wp-block-heading\">3. <strong>Kh\u00f4ng c\u00f3 m\u1eb7t v\u00e0 h\u1ee7y b\u1ecf<\/strong><\/h5>\n\n<p>Tr\u1eeb c\u00e1c tr\u01b0\u1eddng h\u1ee3p b\u1ea5t kh\u1ea3 kh\u00e1ng v\u00e0 c\u00e1c gi\u1ea3i ph\u00e1p \u0111\u00e3 th\u1ecfa thu\u1eadn kh\u00e1c, ph\u00ed h\u1ee7y \u0111\u01b0\u1ee3c \u00e1p d\u1ee5ng nh\u01b0 sau: <\/p>\n\n<ul class=\"wp-block-list\"><li>T\u00ednh 20% gi\u00e1 tr\u1ecb \u0111\u1eb7t ch\u1ed7 n\u1ebfu h\u1ee7y chuy\u1ebfn t\u1eeb 30 \u0111\u1ebfn 7 ng\u00e0y tr\u01b0\u1edbc ng\u00e0y kh\u1edfi h\u00e0nh<\/li><li>30% n\u1ebfu h\u1ee7y 7 \u0111\u1ebfn 3 ng\u00e0y, 50% t\u1eeb 2 \u0111\u1ebfn 1 ng\u00e0y tr\u01b0\u1edbc kh\u1edfi h\u00e0nh.<\/li><li>100% n\u1ebfu h\u1ee7y trong v\u00f2ng 24 gi\u1edd tr\u01b0\u1edbc kh\u1edfi h\u00e0nh.<\/li><li>Trong tr\u01b0\u1eddng h\u1ee3p v\u1eafng m\u1eb7t, ph\u00ed h\u1ee7y 100% s\u1ebd \u0111\u01b0\u1ee3c \u00e1p d\u1ee5ng.<\/li><\/ul>\n\n<h5 class=\"wp-block-heading\">4. <strong>Tr\u00e1ch nhi\u1ec7m ph\u00e1p l\u00fd<\/strong><\/h5>\n\n<p>Ch\u00fang t\u00f4i \u0111\u1eb7t s\u1ee9c kh\u1ecfe v\u00e0 s\u1ef1 an to\u00e0n c\u1ee7a du kh\u00e1ch l\u00ean \u01b0u ti\u00ean h\u00e0ng \u0111\u1ea7u v\u00e0 lu\u00f4n n\u1ed7 l\u1ef1c h\u1ebft m\u00ecnh \u0111\u1ec3 \u0111i\u1ec1u h\u00e0nh tour trong \u0111i\u1ec1u ki\u1ec7n an to\u00e0n nh\u1ea5t. <\/p>\n\n<p>Ch\u00fang t\u00f4i mua th\u00eam b\u1ea3o hi\u1ec3m tai n\u1ea1n cho kh\u00e1ch h\u00e0ng trong m\u1ed7i chuy\u1ebfn du l\u1ecbch. Vui l\u00f2ng cung c\u1ea5p cho ch\u00fang t\u00f4i th\u00f4ng tin c\u1ea7n thi\u1ebft v\u1ec1 v\u1ea5n \u0111\u1ec1 n\u00e0y. Tuy nhi\u00ean, \u0111i\u1ec1u quan tr\u1ecdng l\u00e0 t\u1ea5t c\u1ea3 kh\u00e1ch h\u00e0ng ph\u1ea3i mua b\u1ea3o hi\u1ec3m du l\u1ecbch c\u1ee7a ri\u00eang h\u1ecd \u0111\u1ec3 b\u1ea3o hi\u1ec3m h\u1ed7 tr\u1ee3 t\u1ed1i \u0111a trong tr\u01b0\u1eddng h\u1ee3p kh\u00f4ng may. <\/p>\n\n<p>Ch\u00fang t\u00f4i s\u1ebd kh\u00f4ng ch\u1ecbu tr\u00e1ch nhi\u1ec7m v\u1ec1 b\u1ea5t k\u1ef3 thi\u1ec7t h\u1ea1i n\u00e0o g\u00e2y ra cho kh\u00e1ch h\u00e0ng do nh\u1eefng sai s\u00f3t trong vi\u1ec7c tri\u1ec3n khai c\u00e1c d\u1ecbch v\u1ee5 \u0111\u00e3 cam k\u1ebft n\u1ebfu nh\u1eefng sai s\u00f3t n\u00e0y kh\u00f4ng xu\u1ea5t ph\u00e1t t\u1eeb s\u1ef1 thi\u1ebfu hi\u1ec3u bi\u1ebft ho\u1eb7c h\u00e0nh \u0111\u1ed9ng c\u1ee7a c\u00f4ng ty ch\u00fang t\u00f4i.<\/p>\n\n<ul class=\"wp-block-list\"><li>Sai s\u00f3t do s\u1ef1 thi\u1ebfu hi\u1ec3u bi\u1ebft c\u1ee7a kh\u00e1ch h\u00e0ng v\u00e0 c\u00f3 ch\u1ee7 \u0111\u00edch.<\/li><li>Nh\u1eefng sai s\u00f3t do b\u00ean th\u1ee9 ba th\u1ef1c hi\u1ec7n (x\u1ea3y ra kh\u00f4ng th\u1ec3 tr\u00e1nh kh\u1ecfi v\u00e0 kh\u00f4ng \u0111\u01b0\u1ee3c d\u1ef1 b\u00e1o tr\u01b0\u1edbc) kh\u00f4ng li\u00ean quan \u0111\u1ebfn s\u1ef1 s\u1eafp x\u1ebfp c\u0169ng nh\u01b0 h\u1ee3p \u0111\u1ed3ng c\u1ee7a c\u00f4ng ty.<\/li><li>Vi\u1ec7c kh\u00f4ng th\u1ef1c hi\u1ec7n \u0111\u01b0\u1ee3c ho\u1eb7c ch\u1eadm tr\u1ec5 trong vi\u1ec7c th\u1ef1c hi\u1ec7n Th\u1ecfa thu\u1eadn n\u00e0y do nh\u1eefng nguy\u00ean nh\u00e2n n\u1eb1m ngo\u00e0i kh\u1ea3 n\u0103ng ki\u1ec3m so\u00e1t h\u1ee3p l\u00fd c\u1ee7a Th\u1ecfa thu\u1eadn n\u00e0y. Nguy\u00ean nh\u00e2n bao g\u1ed3m nh\u01b0ng kh\u00f4ng gi\u1edbi h\u1ea1n: chi\u1ebfn tranh, \u0111\u00ecnh c\u00f4ng ho\u1eb7c tranh ch\u1ea5p lao \u0111\u1ed9ng, l\u1ec7nh c\u1ea5m v\u1eadn, l\u1ec7nh c\u1ee7a ch\u00ednh ph\u1ee7 ho\u1eb7c b\u1ea5t k\u1ef3 tr\u01b0\u1eddng h\u1ee3p b\u1ea5t kh\u1ea3 kh\u00e1ng n\u00e0o kh\u00e1c.<\/li><\/ul>\n","protected":false},"excerpt":{"rendered":"<p>C\u00e1c \u0110i\u1ec1u kho\u1ea3n d\u1ecbch v\u1ee5 \u0111\u01b0\u1ee3c \u00e1p d\u1ee5ng cho c\u00e1c Tours v\u00e0 K\u1ef3 ngh\u1ec9 tr\u1ecdn g\u00f3i. 1. Ch\u00ednh s\u00e1ch tr\u1ebb em Tr\u1ebb em t\u1eeb 0-5 tu\u1ed5i \u0111\u01b0\u1ee3c mi\u1ec5n ph\u00ed Tr\u1ebb em t\u1eeb 6-11 tu\u1ed5i \u0111\u01b0\u1ee3c t\u00ednh theo gi\u00e1 tr\u1ebb em. Th\u01b0\u1eddng kho\u1ea3ng n\u1eeda gi\u00e1 ng\u01b0\u1eddi l\u1edbn. Tr\u1ebb em t\u1eeb 12 tu\u1ed5i \u0111\u01b0\u1ee3c t\u00ednh nh\u01b0 gi\u00e1 [&hellip;]<\/p>\n","protected":false},"author":1,"featured_media":0,"parent":0,"menu_order":0,"comment_status":"closed","ping_status":"closed","template":"","meta":{"footnotes":""},"class_list":["post-10482","page","type-page","status-publish","hentry"],"yoast_head":"<!-- This site is optimized with the Yoast SEO Premium plugin v19.4 (Yoast SEO v27.4) - https:\/\/yoast.com\/product\/yoast-seo-premium-wordpress\/ -->\n<title>\u0110i\u1ec1u kho\u1ea3n d\u1ecbch v\u1ee5 - Slow Travel Hue<\/title>\n<meta name=\"description\" content=\"C\u00e1c \u0110i\u1ec1u kho\u1ea3n d\u1ecbch v\u1ee5 \u0111\u01b0\u1ee3c \u00e1p d\u1ee5ng cho c\u00e1c Tours v\u00e0 K\u1ef3 ngh\u1ec9 tr\u1ecdn g\u00f3i Bao g\u1ed3m ch\u00ednh s\u00e1ch tr\u1ebb em, \u0111\u1eb7t tour v\u00e0 thanh to\u00e1n, h\u1ee7y tour, tr\u00e1ch nhi\u1ec7m ph\u00e1p l\u00fd.\" \/>\n<meta name=\"robots\" content=\"index, follow, max-snippet:-1, max-image-preview:large, max-video-preview:-1\" \/>\n<link rel=\"canonical\" href=\"https:\/\/slowtravelhue.com\/vi\/dieu-khoan-dich-vu\/\" \/>\n<meta property=\"og:locale\" content=\"vi_VN\" \/>\n<meta property=\"og:type\" content=\"article\" \/>\n<meta property=\"og:title\" content=\"\u0110i\u1ec1u kho\u1ea3n d\u1ecbch v\u1ee5\" \/>\n<meta property=\"og:description\" content=\"C\u00e1c \u0110i\u1ec1u kho\u1ea3n d\u1ecbch v\u1ee5 \u0111\u01b0\u1ee3c \u00e1p d\u1ee5ng cho c\u00e1c Tours v\u00e0 K\u1ef3 ngh\u1ec9 tr\u1ecdn g\u00f3i Bao g\u1ed3m ch\u00ednh s\u00e1ch tr\u1ebb em, \u0111\u1eb7t tour v\u00e0 thanh to\u00e1n, h\u1ee7y tour, tr\u00e1ch nhi\u1ec7m ph\u00e1p l\u00fd.\" \/>\n<meta property=\"og:url\" content=\"https:\/\/slowtravelhue.com\/vi\/dieu-khoan-dich-vu\/\" \/>\n<meta property=\"og:site_name\" content=\"Slow Travel Hue\" \/>\n<meta property=\"article:publisher\" content=\"https:\/\/www.facebook.com\/slowtravelhue\/\" \/>\n<meta name=\"twitter:card\" content=\"summary_large_image\" \/>\n<meta name=\"twitter:site\" content=\"@SlowTravelHue\" \/>\n<meta name=\"twitter:label1\" content=\"Est. reading time\" \/>\n\t<meta name=\"twitter:data1\" content=\"4 minutes\" \/>\n<script type=\"application\/ld+json\" class=\"yoast-schema-graph\">{\"@context\":\"https:\\\/\\\/schema.org\",\"@graph\":[{\"@type\":\"WebPage\",\"@id\":\"https:\\\/\\\/slowtravelhue.com\\\/vi\\\/dieu-khoan-dich-vu\\\/\",\"url\":\"https:\\\/\\\/slowtravelhue.com\\\/vi\\\/dieu-khoan-dich-vu\\\/\",\"name\":\"\u0110i\u1ec1u kho\u1ea3n d\u1ecbch v\u1ee5 - Slow Travel Hue\",\"isPartOf\":{\"@id\":\"https:\\\/\\\/slowtravelhue.com\\\/#website\"},\"datePublished\":\"2021-11-04T09:42:52+00:00\",\"description\":\"C\u00e1c \u0110i\u1ec1u kho\u1ea3n d\u1ecbch v\u1ee5 \u0111\u01b0\u1ee3c \u00e1p d\u1ee5ng cho c\u00e1c Tours v\u00e0 K\u1ef3 ngh\u1ec9 tr\u1ecdn g\u00f3i Bao g\u1ed3m ch\u00ednh s\u00e1ch tr\u1ebb em, \u0111\u1eb7t tour v\u00e0 thanh to\u00e1n, h\u1ee7y tour, tr\u00e1ch nhi\u1ec7m ph\u00e1p l\u00fd.\",\"breadcrumb\":{\"@id\":\"https:\\\/\\\/slowtravelhue.com\\\/vi\\\/dieu-khoan-dich-vu\\\/#breadcrumb\"},\"inLanguage\":\"vi-VN\",\"potentialAction\":[{\"@type\":\"ReadAction\",\"target\":[\"https:\\\/\\\/slowtravelhue.com\\\/vi\\\/dieu-khoan-dich-vu\\\/\"]}]},{\"@type\":\"BreadcrumbList\",\"@id\":\"https:\\\/\\\/slowtravelhue.com\\\/vi\\\/dieu-khoan-dich-vu\\\/#breadcrumb\",\"itemListElement\":[{\"@type\":\"ListItem\",\"position\":1,\"name\":\"Trang ch\u1ee7\",\"item\":\"https:\\\/\\\/slowtravelhue.com\\\/vi\\\/\"},{\"@type\":\"ListItem\",\"position\":2,\"name\":\"\u0110i\u1ec1u kho\u1ea3n d\u1ecbch v\u1ee5\"}]},{\"@type\":\"WebSite\",\"@id\":\"https:\\\/\\\/slowtravelhue.com\\\/#website\",\"url\":\"https:\\\/\\\/slowtravelhue.com\\\/\",\"name\":\"Slow Travel Hue\",\"description\":\"Integrating Slow Travel and Vietnamese Crafts\",\"publisher\":{\"@id\":\"https:\\\/\\\/slowtravelhue.com\\\/#organization\"},\"potentialAction\":[{\"@type\":\"SearchAction\",\"target\":{\"@type\":\"EntryPoint\",\"urlTemplate\":\"https:\\\/\\\/slowtravelhue.com\\\/?s={search_term_string}\"},\"query-input\":{\"@type\":\"PropertyValueSpecification\",\"valueRequired\":true,\"valueName\":\"search_term_string\"}}],\"inLanguage\":\"vi-VN\"},{\"@type\":\"Organization\",\"@id\":\"https:\\\/\\\/slowtravelhue.com\\\/#organization\",\"name\":\"Slow Travel Hue\",\"url\":\"https:\\\/\\\/slowtravelhue.com\\\/\",\"logo\":{\"@type\":\"ImageObject\",\"inLanguage\":\"vi-VN\",\"@id\":\"https:\\\/\\\/slowtravelhue.com\\\/#\\\/schema\\\/logo\\\/image\\\/\",\"url\":\"https:\\\/\\\/slowtravelhue.com\\\/wp-content\\\/uploads\\\/2021\\\/11\\\/logo_Slow-Travel-Hue.png\",\"contentUrl\":\"https:\\\/\\\/slowtravelhue.com\\\/wp-content\\\/uploads\\\/2021\\\/11\\\/logo_Slow-Travel-Hue.png\",\"width\":4167,\"height\":2434,\"caption\":\"Slow Travel Hue\"},\"image\":{\"@id\":\"https:\\\/\\\/slowtravelhue.com\\\/#\\\/schema\\\/logo\\\/image\\\/\"},\"sameAs\":[\"https:\\\/\\\/www.facebook.com\\\/slowtravelhue\\\/\",\"https:\\\/\\\/x.com\\\/SlowTravelHue\",\"https:\\\/\\\/www.instagram.com\\\/slowtravel.hue\\\/\",\"https:\\\/\\\/www.linkedin.com\\\/in\\\/slow-travel-hue-89352692\",\"https:\\\/\\\/www.pinterest.com\\\/slowtravelhue\\\/\",\"https:\\\/\\\/www.youtube.com\\\/channel\\\/UCqTsLrCBD6z6pc7mC4L_X4Q\"]}]}<\/script>\n<!-- \/ Yoast SEO Premium plugin. -->","yoast_head_json":{"title":"\u0110i\u1ec1u kho\u1ea3n d\u1ecbch v\u1ee5 - Slow Travel Hue","description":"C\u00e1c \u0110i\u1ec1u kho\u1ea3n d\u1ecbch v\u1ee5 \u0111\u01b0\u1ee3c \u00e1p d\u1ee5ng cho c\u00e1c Tours v\u00e0 K\u1ef3 ngh\u1ec9 tr\u1ecdn g\u00f3i Bao g\u1ed3m ch\u00ednh s\u00e1ch tr\u1ebb em, \u0111\u1eb7t tour v\u00e0 thanh to\u00e1n, h\u1ee7y tour, tr\u00e1ch nhi\u1ec7m ph\u00e1p l\u00fd.","robots":{"index":"index","follow":"follow","max-snippet":"max-snippet:-1","max-image-preview":"max-image-preview:large","max-video-preview":"max-video-preview:-1"},"canonical":"https:\/\/slowtravelhue.com\/vi\/dieu-khoan-dich-vu\/","og_locale":"vi_VN","og_type":"article","og_title":"\u0110i\u1ec1u kho\u1ea3n d\u1ecbch v\u1ee5","og_description":"C\u00e1c \u0110i\u1ec1u kho\u1ea3n d\u1ecbch v\u1ee5 \u0111\u01b0\u1ee3c \u00e1p d\u1ee5ng cho c\u00e1c Tours v\u00e0 K\u1ef3 ngh\u1ec9 tr\u1ecdn g\u00f3i Bao g\u1ed3m ch\u00ednh s\u00e1ch tr\u1ebb em, \u0111\u1eb7t tour v\u00e0 thanh to\u00e1n, h\u1ee7y tour, tr\u00e1ch nhi\u1ec7m ph\u00e1p l\u00fd.","og_url":"https:\/\/slowtravelhue.com\/vi\/dieu-khoan-dich-vu\/","og_site_name":"Slow Travel Hue","article_publisher":"https:\/\/www.facebook.com\/slowtravelhue\/","twitter_card":"summary_large_image","twitter_site":"@SlowTravelHue","twitter_misc":{"Est. reading time":"4 minutes"},"schema":{"@context":"https:\/\/schema.org","@graph":[{"@type":"WebPage","@id":"https:\/\/slowtravelhue.com\/vi\/dieu-khoan-dich-vu\/","url":"https:\/\/slowtravelhue.com\/vi\/dieu-khoan-dich-vu\/","name":"\u0110i\u1ec1u kho\u1ea3n d\u1ecbch v\u1ee5 - Slow Travel Hue","isPartOf":{"@id":"https:\/\/slowtravelhue.com\/#website"},"datePublished":"2021-11-04T09:42:52+00:00","description":"C\u00e1c \u0110i\u1ec1u kho\u1ea3n d\u1ecbch v\u1ee5 \u0111\u01b0\u1ee3c \u00e1p d\u1ee5ng cho c\u00e1c Tours v\u00e0 K\u1ef3 ngh\u1ec9 tr\u1ecdn g\u00f3i Bao g\u1ed3m ch\u00ednh s\u00e1ch tr\u1ebb em, \u0111\u1eb7t tour v\u00e0 thanh to\u00e1n, h\u1ee7y tour, tr\u00e1ch nhi\u1ec7m ph\u00e1p l\u00fd.","breadcrumb":{"@id":"https:\/\/slowtravelhue.com\/vi\/dieu-khoan-dich-vu\/#breadcrumb"},"inLanguage":"vi-VN","potentialAction":[{"@type":"ReadAction","target":["https:\/\/slowtravelhue.com\/vi\/dieu-khoan-dich-vu\/"]}]},{"@type":"BreadcrumbList","@id":"https:\/\/slowtravelhue.com\/vi\/dieu-khoan-dich-vu\/#breadcrumb","itemListElement":[{"@type":"ListItem","position":1,"name":"Trang ch\u1ee7","item":"https:\/\/slowtravelhue.com\/vi\/"},{"@type":"ListItem","position":2,"name":"\u0110i\u1ec1u kho\u1ea3n d\u1ecbch v\u1ee5"}]},{"@type":"WebSite","@id":"https:\/\/slowtravelhue.com\/#website","url":"https:\/\/slowtravelhue.com\/","name":"Slow Travel Hue","description":"Integrating Slow Travel and Vietnamese Crafts","publisher":{"@id":"https:\/\/slowtravelhue.com\/#organization"},"potentialAction":[{"@type":"SearchAction","target":{"@type":"EntryPoint","urlTemplate":"https:\/\/slowtravelhue.com\/?s={search_term_string}"},"query-input":{"@type":"PropertyValueSpecification","valueRequired":true,"valueName":"search_term_string"}}],"inLanguage":"vi-VN"},{"@type":"Organization","@id":"https:\/\/slowtravelhue.com\/#organization","name":"Slow Travel Hue","url":"https:\/\/slowtravelhue.com\/","logo":{"@type":"ImageObject","inLanguage":"vi-VN","@id":"https:\/\/slowtravelhue.com\/#\/schema\/logo\/image\/","url":"https:\/\/slowtravelhue.com\/wp-content\/uploads\/2021\/11\/logo_Slow-Travel-Hue.png","contentUrl":"https:\/\/slowtravelhue.com\/wp-content\/uploads\/2021\/11\/logo_Slow-Travel-Hue.png","width":4167,"height":2434,"caption":"Slow Travel Hue"},"image":{"@id":"https:\/\/slowtravelhue.com\/#\/schema\/logo\/image\/"},"sameAs":["https:\/\/www.facebook.com\/slowtravelhue\/","https:\/\/x.com\/SlowTravelHue","https:\/\/www.instagram.com\/slowtravel.hue\/","https:\/\/www.linkedin.com\/in\/slow-travel-hue-89352692","https:\/\/www.pinterest.com\/slowtravelhue\/","https:\/\/www.youtube.com\/channel\/UCqTsLrCBD6z6pc7mC4L_X4Q"]}]}},"_links":{"self":[{"href":"https:\/\/slowtravelhue.com\/vi\/wp-json\/wp\/v2\/pages\/10482","targetHints":{"allow":["GET"]}}],"collection":[{"href":"https:\/\/slowtravelhue.com\/vi\/wp-json\/wp\/v2\/pages"}],"about":[{"href":"https:\/\/slowtravelhue.com\/vi\/wp-json\/wp\/v2\/types\/page"}],"author":[{"embeddable":true,"href":"https:\/\/slowtravelhue.com\/vi\/wp-json\/wp\/v2\/users\/1"}],"replies":[{"embeddable":true,"href":"https:\/\/slowtravelhue.com\/vi\/wp-json\/wp\/v2\/comments?post=10482"}],"version-history":[{"count":1,"href":"https:\/\/slowtravelhue.com\/vi\/wp-json\/wp\/v2\/pages\/10482\/revisions"}],"predecessor-version":[{"id":10484,"href":"https:\/\/slowtravelhue.com\/vi\/wp-json\/wp\/v2\/pages\/10482\/revisions\/10484"}],"wp:attachment":[{"href":"https:\/\/slowtravelhue.com\/vi\/wp-json\/wp\/v2\/media?parent=10482"}],"curies":[{"name":"wp","href":"https:\/\/api.w.org\/{rel}","templated":true}]}}